{"id":41366,"date":"2026-01-27T19:14:49","date_gmt":"2026-01-27T19:14:49","guid":{"rendered":"https:\/\/www.deporteseli.com\/?product=cholas-j-smith-pindor-24v-negro-gris"},"modified":"2026-04-18T04:18:04","modified_gmt":"2026-04-18T04:18:04","slug":"cholas-j-smith-pindor-24v-negro-gris","status":"publish","type":"product","link":"https:\/\/www.deporteseli.com\/?product=cholas-j-smith-pindor-24v-negro-gris","title":{"rendered":"CHOLAS J.SMITH PINDOR 24V NEGRO\/GRIS"},"content":{"rendered":"<p>Caracter\u00edsticas:    DURABLE CUSHION: Mediasuela de EVA, para una amortiguaci\u00f3n m\u00e1s duradera.                                                                                                                                                                                                                                                                                                                                                                                                                                                                                                                                                                                                                                                                                                                                                                                                                                                                                                                                                                                                                                        <\/p>\n","protected":false},"excerpt":{"rendered":"<p>CHOLAS J.SMITH PINDOR 24V NEGRO\/GRIS<\/p>\n","protected":false},"featured_media":55060,"template":"","meta":[],"product_brand":[],"product_cat":[291],"product_tag":[43],"class_list":{"0":"post-41366","1":"product","2":"type-product","3":"status-publish","4":"has-post-thumbnail","6":"product_cat-mujer_calzado_cholas","7":"product_tag-jhon_smith","8":"pa_color-negro","9":"pa_talla-143","10":"pa_talla-151","11":"thunk-woo-product-list","12":"opn-qv-enable","13":"open-woo-hover-","14":"open-single-product-tab-horizontal","15":"open-shadow-","16":"open-shadow-hover-","18":"first","19":"instock","20":"sale","21":"shipping-taxable","22":"purchasable","23":"product-type-variable"},"jetpack_sharing_enabled":true,"_links":{"self":[{"href":"https:\/\/www.deporteseli.com\/index.php?rest_route=\/wp\/v2\/product\/41366","targetHints":{"allow":["GET"]}}],"collection":[{"href":"https:\/\/www.deporteseli.com\/index.php?rest_route=\/wp\/v2\/product"}],"about":[{"href":"https:\/\/www.deporteseli.com\/index.php?rest_route=\/wp\/v2\/types\/product"}],"wp:featuredmedia":[{"embeddable":true,"href":"https:\/\/www.deporteseli.com\/index.php?rest_route=\/wp\/v2\/media\/55060"}],"wp:attachment":[{"href":"https:\/\/www.deporteseli.com\/index.php?rest_route=%2Fwp%2Fv2%2Fmedia&parent=41366"}],"wp:term":[{"taxonomy":"product_brand","embeddable":true,"href":"https:\/\/www.deporteseli.com\/index.php?rest_route=%2Fwp%2Fv2%2Fproduct_brand&post=41366"},{"taxonomy":"product_cat","embeddable":true,"href":"https:\/\/www.deporteseli.com\/index.php?rest_route=%2Fwp%2Fv2%2Fproduct_cat&post=41366"},{"taxonomy":"product_tag","embeddable":true,"href":"https:\/\/www.deporteseli.com\/index.php?rest_route=%2Fwp%2Fv2%2Fproduct_tag&post=41366"}],"curies":[{"name":"wp","href":"https:\/\/api.w.org\/{rel}","templated":true}]}}