{"id":41345,"date":"2026-01-27T19:14:17","date_gmt":"2026-01-27T19:14:17","guid":{"rendered":"https:\/\/www.deporteseli.com\/?product=pala-wilson-bela-pro-v2-5-2024"},"modified":"2026-01-27T19:14:17","modified_gmt":"2026-01-27T19:14:17","slug":"pala-wilson-bela-pro-v2-5-2024","status":"publish","type":"product","link":"https:\/\/www.deporteseli.com\/?product=pala-wilson-bela-pro-v2-5-2024","title":{"rendered":"PALA WILSON BELA PRO V2.5 2024"},"content":{"rendered":"<p>La obsesi\u00f3n es personal. Bela ha declarado su obsesi\u00f3n por este deporte. La Bela Pro v2 2024, es su pala de p\u00e1del preferida mientras se prepara para sus partidos m\u00e1s importantes.  Todos y cada uno de los d\u00edas, el gran Fernando Belasteguin consagra su vida a conseguir ser uno de los mejores en este deporte. Ha colaborado en el dise\u00f1o de la Bela Pro, que puede dar respuesta a los sue\u00f1os de todo aspirante a jugador. Incluso los detalles m\u00e1s peque\u00f1os de la pala, como la textura de la firma SpinEffect y el acabado en rojo puro del marco, representan a Bela y a su estrategia de c\u00f3mo llegar al n\u00famero 1. Esta nueva pala tiene todo lo que un jugador necesita para ser el mejor: desde un punto dulce m\u00e1s amplio que ofrece una sensaci\u00f3n m\u00e1s consistente, una cara de carbono 3K Primero, que ofrece potencia adicional, y la textura SpinEffect para realizar m\u00e1s giro. La pala incluye una correa exclusiva de mu\u00f1eca desmontable que se puede cambiar a distintos colores. Adem\u00e1s, viene con una funda de poli\u00e9ster para proteger la pala al completo y que cuenta con bolsillos con cremallera para guardar objetos de valor y accesorios.    Caracter\u00edsticas  Dise\u00f1ada con su colaboraci\u00f3n, la pala favorita de la leyenda del p\u00e1del Fernando Belasteguin    Punto dulce m\u00e1s amplio que ayuda a aumentar la potencia y la precisi\u00f3n en el contacto    La cara de carbono 3K Primero integra carbono premium en el marco para ofrecer una combinaci\u00f3n de gran potencia y una r\u00e1pida capacidad de respuesta, lo que aumenta la propulsi\u00f3n de la cara de la pala.    La r\u00edgida espuma EVA produce golpes limpios y firmes para una desviaci\u00f3n m\u00e1s r\u00e1pida de la pelota y un excelente control.    La tecnolog\u00eda patentada SpinEffect cuenta con la firma de Bela estampada en la superficie para ofrecer una m\u00e1xima sensaci\u00f3n y un grado adicional de giro.    La tecnolog\u00eda Sharp Hole aumenta el agarre generado en cada golpe gracias al proceso avanzado de perforaci\u00f3n de agujeros.    Correa de mu\u00f1eca desmontable y personalizada conectada al mango, que proporciona un control adicional y precauciones de seguridad.    Incluye una funda de poli\u00e9ster que protege completamente la pala.    Cara De Carbono Primero  Integra carbono premium en el marco para ofrecer una combinaci\u00f3n de gran potencia y una r\u00e1pida capacidad de respuesta, lo que aumenta la propulsi\u00f3n de la cara de la pala.    Cara De Carbono Primero  Integra carbono premium en el marco para ofrecer una combinaci\u00f3n de gran potencia y una r\u00e1pida capacidad de respuesta, lo que aumenta la propulsi\u00f3n de la cara de la pala.    Spin Effect Grip  Superficie texturizada que sujeta la pelota al contacto para tener un mejor giro y excelente sensaci\u00f3n en cada tiro.    TECNOLOG\u00cdA SHARP HOLE  Proceso avanzado de perforaci\u00f3n de orificios que produce m\u00e1s saque en cada golpe.    Shock Shield Grip  Exclusiva aleaci\u00f3n de poliuretano e Izo-Zorb que proporciona una excelente combinaci\u00f3n de adherencia y amortiguaci\u00f3n.    Detachable Wrist Cord  Su construcci\u00f3n se monta y desmonta f\u00e1cilmente del mango de la raqueta de p\u00e1del para que el usuario pueda intercambiar o personalizar con facilidad el tipo y el color de la cuerda para la mu\u00f1eca.    Eco Butt Cap  La composici\u00f3n de nailon biol\u00f3gico de Agiplast reduce el material total utilizado en la tapa del mango en un 20 % para ofrecer una huella m\u00e1s sostenible.    Detalles  Forma pala: Diamante  Tipo de n\u00facleo:    EVA suave  Balance: Medio Alto  Tama\u00f1o de la cabeza: 84 pulgadas cuadradas  542 cm cuadrados  Longitud: 455 mm  Peso: 370 g                                                                                                                                                                                                                                                                                                                                                                                                                                                                                                                                                                                                                                                                                                                                                                                                                                                                                                                                                                                                                                        <\/p>\n","protected":false},"excerpt":{"rendered":"<p>PALA WILSON BELA PRO V2.5 2024<\/p>\n","protected":false},"featured_media":55045,"template":"","meta":[],"product_brand":[],"product_cat":[353],"product_tag":[57],"class_list":{"0":"post-41345","1":"product","2":"type-product","3":"status-publish","4":"has-post-thumbnail","6":"product_cat-padel_y_tenis_palas","7":"product_tag-wilson","8":"thunk-woo-product-list","9":"opn-qv-enable","10":"open-woo-hover-","11":"open-single-product-tab-horizontal","12":"open-shadow-","13":"open-shadow-hover-","15":"first","16":"instock","17":"sale","18":"shipping-taxable","19":"purchasable","20":"product-type-simple"},"jetpack_sharing_enabled":true,"_links":{"self":[{"href":"https:\/\/www.deporteseli.com\/index.php?rest_route=\/wp\/v2\/product\/41345","targetHints":{"allow":["GET"]}}],"collection":[{"href":"https:\/\/www.deporteseli.com\/index.php?rest_route=\/wp\/v2\/product"}],"about":[{"href":"https:\/\/www.deporteseli.com\/index.php?rest_route=\/wp\/v2\/types\/product"}],"wp:featuredmedia":[{"embeddable":true,"href":"https:\/\/www.deporteseli.com\/index.php?rest_route=\/wp\/v2\/media\/55045"}],"wp:attachment":[{"href":"https:\/\/www.deporteseli.com\/index.php?rest_route=%2Fwp%2Fv2%2Fmedia&parent=41345"}],"wp:term":[{"taxonomy":"product_brand","embeddable":true,"href":"https:\/\/www.deporteseli.com\/index.php?rest_route=%2Fwp%2Fv2%2Fproduct_brand&post=41345"},{"taxonomy":"product_cat","embeddable":true,"href":"https:\/\/www.deporteseli.com\/index.php?rest_route=%2Fwp%2Fv2%2Fproduct_cat&post=41345"},{"taxonomy":"product_tag","embeddable":true,"href":"https:\/\/www.deporteseli.com\/index.php?rest_route=%2Fwp%2Fv2%2Fproduct_tag&post=41345"}],"curies":[{"name":"wp","href":"https:\/\/api.w.org\/{rel}","templated":true}]}}