{"id":41344,"date":"2026-01-27T19:14:16","date_gmt":"2026-01-27T19:14:16","guid":{"rendered":"https:\/\/www.deporteseli.com\/?product=bolas-bullpadel-bp-fip-next-pro"},"modified":"2026-01-27T19:14:16","modified_gmt":"2026-01-27T19:14:16","slug":"bolas-bullpadel-bp-fip-next-pro","status":"publish","type":"product","link":"https:\/\/www.deporteseli.com\/?product=bolas-bullpadel-bp-fip-next-pro","title":{"rendered":"BOLAS BULLPADEL BP FIP NEXT PRO"},"content":{"rendered":"<p>La pelota Next Pro es una pelota de m\u00e1xima velocidad que permite agilizar los partidos adem\u00e1s tiene una gran durabilidad.    Gracias a su fabricaci\u00f3n de m\u00e1xima calidad en fieltro natural, aumenta y garantiza una mejor sensaci\u00f3n de golpeo.     Es una pelota de gran calidad pensada para competiciones y torneos. Adem\u00e1s, cuenta con un n\u00facleo de caucho de alta densidad que evita la p\u00e9rdida de la presi\u00f3n aumentando la durabilidad de la bola. Se trata de una bola muy resistente que proporciona una excelnte salid de bola, un gran control y una larga duraci\u00f3n para los padelistas m\u00e1s exigentes.    La Bullpadel Next Pro es la bola utilizada por la FIP (Federaci\u00f3n Internacional de Padel).  Bote de 3 bolas NEXT PRO de m\u00e1xima velocidad y gran calidad pensada para competiciones y torneos.    Es una pelota de p\u00e1del muy resistente que proporciona una excelente salida de bola, un gran control y una larga duraci\u00f3n para los jugadores m\u00e1s exigentes.                                                                                                                                                                                                                                                                                                                                                                                                                                                                                                                                                                                                                                                                                                                                                                                                                                                                                                                                                                                                                                        <\/p>\n","protected":false},"excerpt":{"rendered":"<p>BOLAS BULLPADEL BP FIP NEXT PRO<\/p>\n","protected":false},"featured_media":55042,"template":"","meta":[],"product_brand":[],"product_cat":[356],"product_tag":[21],"class_list":{"0":"post-41344","1":"product","2":"type-product","3":"status-publish","4":"has-post-thumbnail","6":"product_cat-padel_y_tenis_bolas","7":"product_tag-bull_padel","8":"thunk-woo-product-list","9":"opn-qv-enable","10":"open-woo-hover-","11":"open-single-product-tab-horizontal","12":"open-shadow-","13":"open-shadow-hover-","15":"first","16":"instock","17":"shipping-taxable","18":"purchasable","19":"product-type-simple"},"jetpack_sharing_enabled":true,"_links":{"self":[{"href":"https:\/\/www.deporteseli.com\/index.php?rest_route=\/wp\/v2\/product\/41344","targetHints":{"allow":["GET"]}}],"collection":[{"href":"https:\/\/www.deporteseli.com\/index.php?rest_route=\/wp\/v2\/product"}],"about":[{"href":"https:\/\/www.deporteseli.com\/index.php?rest_route=\/wp\/v2\/types\/product"}],"wp:featuredmedia":[{"embeddable":true,"href":"https:\/\/www.deporteseli.com\/index.php?rest_route=\/wp\/v2\/media\/55042"}],"wp:attachment":[{"href":"https:\/\/www.deporteseli.com\/index.php?rest_route=%2Fwp%2Fv2%2Fmedia&parent=41344"}],"wp:term":[{"taxonomy":"product_brand","embeddable":true,"href":"https:\/\/www.deporteseli.com\/index.php?rest_route=%2Fwp%2Fv2%2Fproduct_brand&post=41344"},{"taxonomy":"product_cat","embeddable":true,"href":"https:\/\/www.deporteseli.com\/index.php?rest_route=%2Fwp%2Fv2%2Fproduct_cat&post=41344"},{"taxonomy":"product_tag","embeddable":true,"href":"https:\/\/www.deporteseli.com\/index.php?rest_route=%2Fwp%2Fv2%2Fproduct_tag&post=41344"}],"curies":[{"name":"wp","href":"https:\/\/api.w.org\/{rel}","templated":true}]}}