{"id":41342,"date":"2026-01-27T19:14:13","date_gmt":"2026-01-27T19:14:13","guid":{"rendered":"https:\/\/www.deporteseli.com\/?product=balon-adidas-replica-uefa-euro-24"},"modified":"2026-01-27T19:14:15","modified_gmt":"2026-01-27T19:14:15","slug":"balon-adidas-replica-uefa-euro-24","status":"publish","type":"product","link":"https:\/\/www.deporteseli.com\/?product=balon-adidas-replica-uefa-euro-24","title":{"rendered":"BALON ADIDAS REPLICA UEFA EURO 24"},"content":{"rendered":"<p>F\u00daTBOL INFORMAL, COMPROMISO TOTAL  Ya sea que juegues en un parque o en un campo improvisado, infunde a todos tus partidos el esp\u00edritu de los grandes torneos futbol\u00edsticos. Con un dise\u00f1o inspirado en la mayor competici\u00f3n europea a nivel de selecciones, este bal\u00f3n de f\u00fatbol adidas Club es perfecto para disfrutar de tu pasi\u00f3n en cualquier lugar. Presenta una superficie cosida a m\u00e1quina muy resistente y una c\u00e1mara de butilo que lo mantiene inflado partidillo tras partidillo.    Este producto se ha fabricado con material reciclado proveniente de retales, restos y residuos dom\u00e9sticos para evitar un mayor impacto medioambiental y la producci\u00f3n de materiales v\u00edrgenes.  Cubierta 100% TPU reciclado  Superficie cosida a m\u00e1quina  C\u00e1mara de butilo  Logotipo de la UEFA EURO 24 estampado  Es necesario inflarlo  Color del art\u00edculo: Glow Blue \/ Solar Red \/ White  N\u00famero de art\u00edculo: IN9373                                                                                                                                                                                                                                                                                                                                                                                                                                                                                                                                                                                                                                                                                                                                                                                                                                                                                                                                                                                                                                        <\/p>\n","protected":false},"excerpt":{"rendered":"<p>BALON ADIDAS REPLICA UEFA EURO 24<\/p>\n","protected":false},"featured_media":55039,"template":"","meta":[],"product_brand":[],"product_cat":[347],"product_tag":[18],"class_list":{"0":"post-41342","1":"product","2":"type-product","3":"status-publish","4":"has-post-thumbnail","6":"product_cat-deportes_balones","7":"product_tag-adidas","8":"pa_color-unico","9":"pa_talla-169","10":"thunk-woo-product-list","11":"opn-qv-enable","12":"open-woo-hover-","13":"open-single-product-tab-horizontal","14":"open-shadow-","15":"open-shadow-hover-","17":"first","18":"instock","19":"shipping-taxable","20":"purchasable","21":"product-type-variable"},"jetpack_sharing_enabled":true,"_links":{"self":[{"href":"https:\/\/www.deporteseli.com\/index.php?rest_route=\/wp\/v2\/product\/41342","targetHints":{"allow":["GET"]}}],"collection":[{"href":"https:\/\/www.deporteseli.com\/index.php?rest_route=\/wp\/v2\/product"}],"about":[{"href":"https:\/\/www.deporteseli.com\/index.php?rest_route=\/wp\/v2\/types\/product"}],"wp:featuredmedia":[{"embeddable":true,"href":"https:\/\/www.deporteseli.com\/index.php?rest_route=\/wp\/v2\/media\/55039"}],"wp:attachment":[{"href":"https:\/\/www.deporteseli.com\/index.php?rest_route=%2Fwp%2Fv2%2Fmedia&parent=41342"}],"wp:term":[{"taxonomy":"product_brand","embeddable":true,"href":"https:\/\/www.deporteseli.com\/index.php?rest_route=%2Fwp%2Fv2%2Fproduct_brand&post=41342"},{"taxonomy":"product_cat","embeddable":true,"href":"https:\/\/www.deporteseli.com\/index.php?rest_route=%2Fwp%2Fv2%2Fproduct_cat&post=41342"},{"taxonomy":"product_tag","embeddable":true,"href":"https:\/\/www.deporteseli.com\/index.php?rest_route=%2Fwp%2Fv2%2Fproduct_tag&post=41342"}],"curies":[{"name":"wp","href":"https:\/\/api.w.org\/{rel}","templated":true}]}}