{"id":41334,"date":"2026-01-27T19:14:02","date_gmt":"2026-01-27T19:14:02","guid":{"rendered":"https:\/\/www.deporteseli.com\/?product=tenis-reebok-2"},"modified":"2026-03-03T05:18:23","modified_gmt":"2026-03-03T05:18:23","slug":"tenis-reebok-2","status":"publish","type":"product","link":"https:\/\/www.deporteseli.com\/?product=tenis-reebok-2","title":{"rendered":"TENIS REEBOK"},"content":{"rendered":"<p>UNAS ZAPATILLAS DISE\u00d1ADAS PARA LA AVENTURA    Estas zapatillas Reebok son para moverse, ya sea en el gimnasio o en el patio de recreo. Est\u00e1n confeccionadas con una parte superior de malla ligera, un tal\u00f3n acolchado y una entresuela EVA acolchada para una mayor comodidad. Una tira de VELCRO\u00ae y el bucle del tal\u00f3n las hacen f\u00e1ciles de poner y quitar.  Azul marino, rosa brillante y plateado  Parte superior de malla, tejido y cuero  Bucle de grosgrain en el tal\u00f3n  Logo estampado en el lateral  Tobillo y leng\u00fceta acolchados  Parche del logo en la leng\u00fceta  Entresuela de espuma EVA moldeada  Suela de goma contorneada  Cierre con VELCRO\u00ae y cordones en la parte delantera y bucle en contraste  ID del modelo: 100075213                                                                                                                                                                                                                                                                                                                                                                                                                                                                                                                                                                                                                                                                                                                                                                                                                                                                                                                                                                                                                                        <\/p>\n","protected":false},"excerpt":{"rendered":"<p>TENIS REEBOK<\/p>\n","protected":false},"featured_media":55034,"template":"","meta":[],"product_brand":[],"product_cat":[390],"product_tag":[41],"class_list":{"0":"post-41334","1":"product","2":"type-product","3":"status-publish","4":"has-post-thumbnail","6":"product_cat-ninas_calzado_running","7":"product_tag-reebok","8":"pa_color-unico","9":"pa_talla-129","10":"pa_talla-131","11":"pa_talla-133","12":"thunk-woo-product-list","13":"opn-qv-enable","14":"open-woo-hover-","15":"open-single-product-tab-horizontal","16":"open-shadow-","17":"open-shadow-hover-","19":"first","20":"instock","21":"sale","22":"shipping-taxable","23":"purchasable","24":"product-type-variable"},"jetpack_sharing_enabled":true,"_links":{"self":[{"href":"https:\/\/www.deporteseli.com\/index.php?rest_route=\/wp\/v2\/product\/41334","targetHints":{"allow":["GET"]}}],"collection":[{"href":"https:\/\/www.deporteseli.com\/index.php?rest_route=\/wp\/v2\/product"}],"about":[{"href":"https:\/\/www.deporteseli.com\/index.php?rest_route=\/wp\/v2\/types\/product"}],"wp:featuredmedia":[{"embeddable":true,"href":"https:\/\/www.deporteseli.com\/index.php?rest_route=\/wp\/v2\/media\/55034"}],"wp:attachment":[{"href":"https:\/\/www.deporteseli.com\/index.php?rest_route=%2Fwp%2Fv2%2Fmedia&parent=41334"}],"wp:term":[{"taxonomy":"product_brand","embeddable":true,"href":"https:\/\/www.deporteseli.com\/index.php?rest_route=%2Fwp%2Fv2%2Fproduct_brand&post=41334"},{"taxonomy":"product_cat","embeddable":true,"href":"https:\/\/www.deporteseli.com\/index.php?rest_route=%2Fwp%2Fv2%2Fproduct_cat&post=41334"},{"taxonomy":"product_tag","embeddable":true,"href":"https:\/\/www.deporteseli.com\/index.php?rest_route=%2Fwp%2Fv2%2Fproduct_tag&post=41334"}],"curies":[{"name":"wp","href":"https:\/\/api.w.org\/{rel}","templated":true}]}}