{"id":41326,"date":"2026-01-27T19:13:49","date_gmt":"2026-01-27T19:13:49","guid":{"rendered":"https:\/\/www.deporteseli.com\/?product=tenis-reebok"},"modified":"2026-02-26T05:18:32","modified_gmt":"2026-02-26T05:18:32","slug":"tenis-reebok","status":"publish","type":"product","link":"https:\/\/www.deporteseli.com\/?product=tenis-reebok","title":{"rendered":"TENIS REEBOK"},"content":{"rendered":"<p>ZAPATILLAS PARA BEB\u00c9 INSPIRADAS EN UNA CL\u00c1SICA SILUETA DE RUNNING    Incluso los pies m\u00e1s peque\u00f1os pueden calzar con estilo. Inspirado en las zapatillas running modernas de Reebok, este modelo para beb\u00e9 est\u00e1 dise\u00f1ado para ofrecer comodidad. La entresuela EVA proporciona una amortiguaci\u00f3n suave a sus pies y la parte superior de tejido ligero es perfecta para dar los primeros pasos.                                                                                                                                                                                                                                                                                                                                                                                                                                                                                                                                                                                                                                                                                                                                                                                                                                                                                                                                                                                                                                        <\/p>\n","protected":false},"excerpt":{"rendered":"<p>TENIS REEBOK<\/p>\n","protected":false},"featured_media":55030,"template":"","meta":[],"product_brand":[],"product_cat":[237],"product_tag":[41],"class_list":{"0":"post-41326","1":"product","2":"type-product","3":"status-publish","4":"has-post-thumbnail","6":"product_cat-outlet_calzado","7":"product_tag-reebok","8":"pa_color-unico","9":"pa_talla-113","10":"pa_talla-23-5","11":"pa_talla-117","12":"pa_talla-119","13":"pa_talla-121","14":"pa_talla-t-20","15":"pa_talla-t-21","16":"thunk-woo-product-list","17":"opn-qv-enable","18":"open-woo-hover-","19":"open-single-product-tab-horizontal","20":"open-shadow-","21":"open-shadow-hover-","23":"first","24":"instock","25":"shipping-taxable","26":"purchasable","27":"product-type-variable"},"jetpack_sharing_enabled":true,"_links":{"self":[{"href":"https:\/\/www.deporteseli.com\/index.php?rest_route=\/wp\/v2\/product\/41326","targetHints":{"allow":["GET"]}}],"collection":[{"href":"https:\/\/www.deporteseli.com\/index.php?rest_route=\/wp\/v2\/product"}],"about":[{"href":"https:\/\/www.deporteseli.com\/index.php?rest_route=\/wp\/v2\/types\/product"}],"wp:featuredmedia":[{"embeddable":true,"href":"https:\/\/www.deporteseli.com\/index.php?rest_route=\/wp\/v2\/media\/55030"}],"wp:attachment":[{"href":"https:\/\/www.deporteseli.com\/index.php?rest_route=%2Fwp%2Fv2%2Fmedia&parent=41326"}],"wp:term":[{"taxonomy":"product_brand","embeddable":true,"href":"https:\/\/www.deporteseli.com\/index.php?rest_route=%2Fwp%2Fv2%2Fproduct_brand&post=41326"},{"taxonomy":"product_cat","embeddable":true,"href":"https:\/\/www.deporteseli.com\/index.php?rest_route=%2Fwp%2Fv2%2Fproduct_cat&post=41326"},{"taxonomy":"product_tag","embeddable":true,"href":"https:\/\/www.deporteseli.com\/index.php?rest_route=%2Fwp%2Fv2%2Fproduct_tag&post=41326"}],"curies":[{"name":"wp","href":"https:\/\/api.w.org\/{rel}","templated":true}]}}