{"id":41323,"date":"2026-01-27T19:13:45","date_gmt":"2026-01-27T19:13:45","guid":{"rendered":"https:\/\/www.deporteseli.com\/?product=tenis-jhayber-remanso-grey"},"modified":"2026-01-27T19:13:48","modified_gmt":"2026-01-27T19:13:48","slug":"tenis-jhayber-remanso-grey","status":"publish","type":"product","link":"https:\/\/www.deporteseli.com\/?product=tenis-jhayber-remanso-grey","title":{"rendered":"TENIS JHAYBER REMANSO GREY"},"content":{"rendered":"<p>Zapatillas de trail running para mujer con dise\u00f1o en color gris. Este calzado t\u00e9cnico est\u00e1 pensado para traves\u00edas por terrenos irregulares, por eso, su construcci\u00f3n se realiza con suelas especialmente elevadas y dentadas, para mejorar la amortiguaci\u00f3n y el agarre. Este modelo est\u00e1 hecho con sistema Terratrak, ya que es una zapatilla h\u00edbrida de corte trail y suela multifuncional para superficies tanto de tierra como de asfalto. Adem\u00e1s, cuenta con refuerzos en puntera, laterales y tal\u00f3n para mejorar su resistencia, y empeine de rejilla que favorece la transpiraci\u00f3n del pie.                                                                                                                                                                                                                                                                                                                                                                                                                                                                                                                                                                                                                                                                                                                                                                                                                                                                                                                                                                                                                                        <\/p>\n","protected":false},"excerpt":{"rendered":"<p>TENIS JHAYBER REMANSO GREY<\/p>\n","protected":false},"featured_media":55029,"template":"","meta":[],"product_brand":[],"product_cat":[286],"product_tag":[],"class_list":{"0":"post-41323","1":"product","2":"type-product","3":"status-publish","4":"has-post-thumbnail","6":"product_cat-mujer_calzado_trail","7":"pa_color-unico","8":"pa_talla-145","9":"pa_talla-147","10":"thunk-woo-product-list","11":"opn-qv-enable","12":"open-woo-hover-","13":"open-single-product-tab-horizontal","14":"open-shadow-","15":"open-shadow-hover-","17":"first","18":"instock","19":"sale","20":"shipping-taxable","21":"purchasable","22":"product-type-variable"},"jetpack_sharing_enabled":true,"_links":{"self":[{"href":"https:\/\/www.deporteseli.com\/index.php?rest_route=\/wp\/v2\/product\/41323","targetHints":{"allow":["GET"]}}],"collection":[{"href":"https:\/\/www.deporteseli.com\/index.php?rest_route=\/wp\/v2\/product"}],"about":[{"href":"https:\/\/www.deporteseli.com\/index.php?rest_route=\/wp\/v2\/types\/product"}],"wp:featuredmedia":[{"embeddable":true,"href":"https:\/\/www.deporteseli.com\/index.php?rest_route=\/wp\/v2\/media\/55029"}],"wp:attachment":[{"href":"https:\/\/www.deporteseli.com\/index.php?rest_route=%2Fwp%2Fv2%2Fmedia&parent=41323"}],"wp:term":[{"taxonomy":"product_brand","embeddable":true,"href":"https:\/\/www.deporteseli.com\/index.php?rest_route=%2Fwp%2Fv2%2Fproduct_brand&post=41323"},{"taxonomy":"product_cat","embeddable":true,"href":"https:\/\/www.deporteseli.com\/index.php?rest_route=%2Fwp%2Fv2%2Fproduct_cat&post=41323"},{"taxonomy":"product_tag","embeddable":true,"href":"https:\/\/www.deporteseli.com\/index.php?rest_route=%2Fwp%2Fv2%2Fproduct_tag&post=41323"}],"curies":[{"name":"wp","href":"https:\/\/api.w.org\/{rel}","templated":true}]}}