{"id":41313,"date":"2026-01-27T19:13:31","date_gmt":"2026-01-27T19:13:31","guid":{"rendered":"https:\/\/www.deporteseli.com\/?product=bota-de-futbol-predator-24"},"modified":"2026-01-27T19:13:38","modified_gmt":"2026-01-27T19:13:38","slug":"bota-de-futbol-predator-24","status":"publish","type":"product","link":"https:\/\/www.deporteseli.com\/?product=bota-de-futbol-predator-24","title":{"rendered":"BOTA DE F\u00faTBOL PREDATOR 24"},"content":{"rendered":"<p>GANAR ES EL TRATO  La victoria se gesta gol a gol. Esta bota de f\u00fatbol se ha dise\u00f1ado para que siempre llegues a la porter\u00eda rival, y lo m\u00e1s importante: para que nunca falles. Alcanza la perfecci\u00f3n con la nueva adidas Predator. Presenta una parte superior Hybridfeel con textura en relieve e inserciones Strikescale en el mediopi\u00e9 de gran agarre, permiti\u00e9ndote ejecutar disparos con una precisi\u00f3n extraordinaria. La suela vers\u00e1til te proporciona mayor estabilidad y control en los regates, esprints y cambios de direcci\u00f3n r\u00e1pidos sobre una gran variedad de superficies.    Este producto contiene al menos un 20% de materiales reciclados. Utilizando materiales reciclados, reducimos los residuos, nuestra dependencia de los recursos finitos y la huella que generan los productos que fabricamos.  Horma cl\u00e1sica  Cierre de cordones  Parte superior Hybridfeel con inserciones Strikescale  Forro textil  Suela multisuperficie  Contiene al menos un 20% de material reciclado  Color del art\u00edculo: Core Black \/ Cloud White \/ Solar Red  N\u00famero de art\u00edculo: IG7725                                                                                                                                                                                                                                                                                                                                                                                                                                                                                                                                                                                                                                                                                                                                                                                                                                                                                                                                                                                                                                        <\/p>\n","protected":false},"excerpt":{"rendered":"<p>BOTA DE F\u00faTBOL PREDATOR 24<\/p>\n","protected":false},"featured_media":55021,"template":"","meta":[],"product_brand":[],"product_cat":[318],"product_tag":[18],"class_list":{"0":"post-41313","1":"product","2":"type-product","3":"status-publish","4":"has-post-thumbnail","6":"product_cat-deportes_futbol_botas","7":"product_tag-adidas","8":"pa_color-unico","9":"pa_talla-41-5","10":"pa_talla-42-5","11":"pa_talla-157","12":"pa_talla-161","13":"pa_talla-46-5","14":"thunk-woo-product-list","15":"opn-qv-enable","16":"open-woo-hover-","17":"open-single-product-tab-horizontal","18":"open-shadow-","19":"open-shadow-hover-","21":"first","22":"instock","23":"sale","24":"shipping-taxable","25":"purchasable","26":"product-type-variable"},"jetpack_sharing_enabled":true,"_links":{"self":[{"href":"https:\/\/www.deporteseli.com\/index.php?rest_route=\/wp\/v2\/product\/41313","targetHints":{"allow":["GET"]}}],"collection":[{"href":"https:\/\/www.deporteseli.com\/index.php?rest_route=\/wp\/v2\/product"}],"about":[{"href":"https:\/\/www.deporteseli.com\/index.php?rest_route=\/wp\/v2\/types\/product"}],"wp:featuredmedia":[{"embeddable":true,"href":"https:\/\/www.deporteseli.com\/index.php?rest_route=\/wp\/v2\/media\/55021"}],"wp:attachment":[{"href":"https:\/\/www.deporteseli.com\/index.php?rest_route=%2Fwp%2Fv2%2Fmedia&parent=41313"}],"wp:term":[{"taxonomy":"product_brand","embeddable":true,"href":"https:\/\/www.deporteseli.com\/index.php?rest_route=%2Fwp%2Fv2%2Fproduct_brand&post=41313"},{"taxonomy":"product_cat","embeddable":true,"href":"https:\/\/www.deporteseli.com\/index.php?rest_route=%2Fwp%2Fv2%2Fproduct_cat&post=41313"},{"taxonomy":"product_tag","embeddable":true,"href":"https:\/\/www.deporteseli.com\/index.php?rest_route=%2Fwp%2Fv2%2Fproduct_tag&post=41313"}],"curies":[{"name":"wp","href":"https:\/\/api.w.org\/{rel}","templated":true}]}}