{"id":41311,"date":"2026-01-27T19:13:28","date_gmt":"2026-01-27T19:13:28","guid":{"rendered":"https:\/\/www.deporteseli.com\/?product=tenis-adidas-runfalcon"},"modified":"2026-01-27T19:13:30","modified_gmt":"2026-01-27T19:13:30","slug":"tenis-adidas-runfalcon","status":"publish","type":"product","link":"https:\/\/www.deporteseli.com\/?product=tenis-adidas-runfalcon","title":{"rendered":"TENIS ADIDAS RUNFALCON"},"content":{"rendered":"<p>Descripci\u00f3n  running calzado infantil adidas Runfalcon 3.0  Cuando los ni\u00f1os lo dan todo en la pista, aseg\u00farate de que llevan unas zapatillas acordes con su entusiasmo y energ\u00eda. Estas zapatillas adidas para ni\u00f1os cuentan con una suave entresuela Cloudfoam que permite que los ni\u00f1os se muevan c\u00f3modamente, garantizando que cada despegue y aterrizaje cuente con el apoyo necesario. Cuando terminan de entrenar, no es necesario cambiar de calzado. La cl\u00e1sica y deportiva look combina con todo. Fabricado con diversos materiales reciclados, este empeine contiene al menos un 50% de material reciclado. Este producto es s\u00f3lo una de nuestras soluciones para acabar con los residuos pl\u00e1sticos. Corte normal                                                                                                                                                                                                                                                                                                                                                                                                                                                                                                                                                                                                                                                                                                                                                                                                                                                                                                                                                                                                                                        <\/p>\n","protected":false},"excerpt":{"rendered":"<p>TENIS ADIDAS RUNFALCON<\/p>\n","protected":false},"featured_media":55016,"template":"","meta":[],"product_brand":[],"product_cat":[390],"product_tag":[18],"class_list":{"0":"post-41311","1":"product","2":"type-product","3":"status-publish","4":"has-post-thumbnail","6":"product_cat-ninas_calzado_running","7":"product_tag-adidas","8":"pa_color-unico","9":"pa_talla-127","10":"thunk-woo-product-list","11":"opn-qv-enable","12":"open-woo-hover-","13":"open-single-product-tab-horizontal","14":"open-shadow-","15":"open-shadow-hover-","17":"first","18":"instock","19":"sale","20":"shipping-taxable","21":"purchasable","22":"product-type-variable"},"jetpack_sharing_enabled":true,"_links":{"self":[{"href":"https:\/\/www.deporteseli.com\/index.php?rest_route=\/wp\/v2\/product\/41311","targetHints":{"allow":["GET"]}}],"collection":[{"href":"https:\/\/www.deporteseli.com\/index.php?rest_route=\/wp\/v2\/product"}],"about":[{"href":"https:\/\/www.deporteseli.com\/index.php?rest_route=\/wp\/v2\/types\/product"}],"wp:featuredmedia":[{"embeddable":true,"href":"https:\/\/www.deporteseli.com\/index.php?rest_route=\/wp\/v2\/media\/55016"}],"wp:attachment":[{"href":"https:\/\/www.deporteseli.com\/index.php?rest_route=%2Fwp%2Fv2%2Fmedia&parent=41311"}],"wp:term":[{"taxonomy":"product_brand","embeddable":true,"href":"https:\/\/www.deporteseli.com\/index.php?rest_route=%2Fwp%2Fv2%2Fproduct_brand&post=41311"},{"taxonomy":"product_cat","embeddable":true,"href":"https:\/\/www.deporteseli.com\/index.php?rest_route=%2Fwp%2Fv2%2Fproduct_cat&post=41311"},{"taxonomy":"product_tag","embeddable":true,"href":"https:\/\/www.deporteseli.com\/index.php?rest_route=%2Fwp%2Fv2%2Fproduct_tag&post=41311"}],"curies":[{"name":"wp","href":"https:\/\/api.w.org\/{rel}","templated":true}]}}