{"id":41296,"date":"2026-01-27T19:13:06","date_gmt":"2026-01-27T19:13:06","guid":{"rendered":"https:\/\/www.deporteseli.com\/?product=botas-joma-maxima-2301-tf"},"modified":"2026-01-27T19:13:09","modified_gmt":"2026-01-27T19:13:09","slug":"botas-joma-maxima-2301-tf","status":"publish","type":"product","link":"https:\/\/www.deporteseli.com\/?product=botas-joma-maxima-2301-tf","title":{"rendered":"BOTAS JOMA MAXIMA 2301 TF"},"content":{"rendered":"<p>Estas botas de f\u00fatbol Joma M\u00e1xima est\u00e1n formadas por una puntera reforzada para proteger el pie de golpes externos con su sistema PROTECTION. La plantilla est\u00e1 fabricada en EVA lisa para mejorar la amortiguaci\u00f3n de la zapatilla al absorber el impacto de la pisada. Su suela es multitaco TURF para jugar en superficies duras.  Claves T\u00e9cnicas    Puntera reforzada para proteger el pie de golpes externos con sistema PROTECTION.  Plantilla fabricada en EVA lisa para una mayor amortiguaci\u00f3n  Palmilla de Texon.  Suela de goma de alta calidad.  En parte trasera y central goma m\u00e1s dura que permite tener m\u00e1s seguridad con el impacto.  Gama: aficionado.  Suela multitaco tipo TF jugar en superficies duras.  Color: negro.                                                                                                                                                                                                                                                                                                                                                                                                                                                                                                                                                                                                                                                                                                                                                                                                                                                                                                                                                                                                                                        <\/p>\n","protected":false},"excerpt":{"rendered":"<p>BOTAS JOMA MAXIMA 2301 TF<\/p>\n","protected":false},"featured_media":55007,"template":"","meta":[],"product_brand":[],"product_cat":[318],"product_tag":[31],"class_list":{"0":"post-41296","1":"product","2":"type-product","3":"status-publish","4":"has-post-thumbnail","6":"product_cat-deportes_futbol_botas","7":"product_tag-joma","8":"pa_color-unico","9":"pa_talla-155","10":"pa_talla-161","11":"thunk-woo-product-list","12":"opn-qv-enable","13":"open-woo-hover-","14":"open-single-product-tab-horizontal","15":"open-shadow-","16":"open-shadow-hover-","18":"first","19":"instock","20":"shipping-taxable","21":"purchasable","22":"product-type-variable"},"jetpack_sharing_enabled":true,"_links":{"self":[{"href":"https:\/\/www.deporteseli.com\/index.php?rest_route=\/wp\/v2\/product\/41296","targetHints":{"allow":["GET"]}}],"collection":[{"href":"https:\/\/www.deporteseli.com\/index.php?rest_route=\/wp\/v2\/product"}],"about":[{"href":"https:\/\/www.deporteseli.com\/index.php?rest_route=\/wp\/v2\/types\/product"}],"wp:featuredmedia":[{"embeddable":true,"href":"https:\/\/www.deporteseli.com\/index.php?rest_route=\/wp\/v2\/media\/55007"}],"wp:attachment":[{"href":"https:\/\/www.deporteseli.com\/index.php?rest_route=%2Fwp%2Fv2%2Fmedia&parent=41296"}],"wp:term":[{"taxonomy":"product_brand","embeddable":true,"href":"https:\/\/www.deporteseli.com\/index.php?rest_route=%2Fwp%2Fv2%2Fproduct_brand&post=41296"},{"taxonomy":"product_cat","embeddable":true,"href":"https:\/\/www.deporteseli.com\/index.php?rest_route=%2Fwp%2Fv2%2Fproduct_cat&post=41296"},{"taxonomy":"product_tag","embeddable":true,"href":"https:\/\/www.deporteseli.com\/index.php?rest_route=%2Fwp%2Fv2%2Fproduct_tag&post=41296"}],"curies":[{"name":"wp","href":"https:\/\/api.w.org\/{rel}","templated":true}]}}