{"id":41290,"date":"2026-01-27T19:12:58","date_gmt":"2026-01-27T19:12:58","guid":{"rendered":"https:\/\/www.deporteseli.com\/?product=head-bolsa-para-zapatos-tour"},"modified":"2026-01-27T19:13:00","modified_gmt":"2026-01-27T19:13:00","slug":"head-bolsa-para-zapatos-tour","status":"publish","type":"product","link":"https:\/\/www.deporteseli.com\/?product=head-bolsa-para-zapatos-tour","title":{"rendered":"HEAD BOLSA PARA ZAPATOS TOUR"},"content":{"rendered":"<p>Tras un partido o una sesi\u00f3n de entrenamiento, muchos jugadores profesionales usan la bolsa para calzado TOUR SHOE BAG BKWH para mantener sus zapatillas sucias ventiladas y separadas del resto de su equipo. La bolsa para calzado, ahora disponible con un dise\u00f1o nuevo y contempor\u00e1neo, y fabricada con tejidos de PET reciclado, luce una forma moderna a juego con el resto de la gama TOUR de HEAD. La bolsa plegable para calzado TOUR SHOE BAG BKWH cuenta con un compartimento principal para un par de zapatillas, adem\u00e1s de incorporar un bolsillo con cremallera para guardar accesorios. Aparte de optar por tejidos de PET reciclado para esta bolsa, HEAD ha apostado por reducir el consumo de pl\u00e1sticos con una etiqueta hecha de papel reciclado que va unida a la bolsa con un cordel de c\u00e1\u00f1amo. Adem\u00e1s, esta bolsa se suministra dentro de una bolsa de pl\u00e1stico reciclado.    \u2022 Ventilada  \u2022 Forma actual  \u2022 Dise\u00f1o nuevo y moderno  \u2022 Bolsillo con cremallera para guardar accesorios  \u2022Plegable  \u2022 Tejidos de PET reciclado  \u2022 Etiqueta hecha con papel reciclado y c\u00e1\u00f1amo  \u2022 Empaquetada en una nueva bolsa de pl\u00e1stico reciclado                                                                                                                                                                                                                                                                                                                                                                                                                                                                                                                                                                                                                                                                                                                                                                                                                                                                                                                                                                                                                                        <\/p>\n","protected":false},"excerpt":{"rendered":"<p>HEAD BOLSA PARA ZAPATOS TOUR<\/p>\n","protected":false},"featured_media":55003,"template":"","meta":[],"product_brand":[],"product_cat":[411],"product_tag":[22],"class_list":{"0":"post-41290","1":"product","2":"type-product","3":"status-publish","4":"has-post-thumbnail","6":"product_cat-accesorios_neceseres","7":"product_tag-head","8":"pa_color-unico","9":"pa_talla-unica","10":"thunk-woo-product-list","11":"opn-qv-enable","12":"open-woo-hover-","13":"open-single-product-tab-horizontal","14":"open-shadow-","15":"open-shadow-hover-","17":"first","18":"instock","19":"shipping-taxable","20":"purchasable","21":"product-type-variable"},"jetpack_sharing_enabled":true,"_links":{"self":[{"href":"https:\/\/www.deporteseli.com\/index.php?rest_route=\/wp\/v2\/product\/41290","targetHints":{"allow":["GET"]}}],"collection":[{"href":"https:\/\/www.deporteseli.com\/index.php?rest_route=\/wp\/v2\/product"}],"about":[{"href":"https:\/\/www.deporteseli.com\/index.php?rest_route=\/wp\/v2\/types\/product"}],"wp:featuredmedia":[{"embeddable":true,"href":"https:\/\/www.deporteseli.com\/index.php?rest_route=\/wp\/v2\/media\/55003"}],"wp:attachment":[{"href":"https:\/\/www.deporteseli.com\/index.php?rest_route=%2Fwp%2Fv2%2Fmedia&parent=41290"}],"wp:term":[{"taxonomy":"product_brand","embeddable":true,"href":"https:\/\/www.deporteseli.com\/index.php?rest_route=%2Fwp%2Fv2%2Fproduct_brand&post=41290"},{"taxonomy":"product_cat","embeddable":true,"href":"https:\/\/www.deporteseli.com\/index.php?rest_route=%2Fwp%2Fv2%2Fproduct_cat&post=41290"},{"taxonomy":"product_tag","embeddable":true,"href":"https:\/\/www.deporteseli.com\/index.php?rest_route=%2Fwp%2Fv2%2Fproduct_tag&post=41290"}],"curies":[{"name":"wp","href":"https:\/\/api.w.org\/{rel}","templated":true}]}}