{"id":41288,"date":"2026-01-27T19:12:55","date_gmt":"2026-01-27T19:12:55","guid":{"rendered":"https:\/\/www.deporteseli.com\/?product=bolsa-de-deporte-pequena-4athlts"},"modified":"2026-01-27T19:12:57","modified_gmt":"2026-01-27T19:12:57","slug":"bolsa-de-deporte-pequena-4athlts","status":"publish","type":"product","link":"https:\/\/www.deporteseli.com\/?product=bolsa-de-deporte-pequena-4athlts","title":{"rendered":"BOLSA DE DEPORTE PEQUE\u00f1A 4ATHLTS"},"content":{"rendered":"<p>PRESUME DE ESTILO ADIDAS  Organizarse bien es importante cuando viajas ligero de equipaje. Esta bolsa de deporte extrapeque\u00f1a te ofrece el espacio justo y necesario para una escapada r\u00e1pida al gimnasio. Incluye un bolsillo de malla con cremallera para llevar la ropa h\u00fameda o el calzado.    Contiene material reciclado proveniente de retales, residuos de producci\u00f3n y residuos dom\u00e9sticos para reducir el impacto ambiental que conlleva el uso de materiales v\u00edrgenes.  Dimensiones: 47,5 cm x 23 cm x 23 cm  Capacidad: 25 l  Tejido principal: tejido t\u00e9cnico exterior 100% nailon y tejido t\u00e9cnico interior 100% TPE  Base: 100% poli\u00e9ster reciclado y 100% TPE laminado  Bolsillo lateral de malla con cierre de cremallera  Bolsillo lateral de malla sin cierre y bolsillo interior  Compartimento en el interior para organizar tus cosas  Correa extra\u00edble y acolchada para el hombro  Base revestida muy resistente al desgaste  Contiene al menos un 25% de material reciclado  Color del art\u00edculo: Bright Red \/ Black \/ White  N\u00famero de art\u00edculo: IR9763                                                                                                                                                                                                                                                                                                                                                                                                                                                                                                                                                                                                                                                                                                                                                                                                                                                                                                                                                                                                                                        <\/p>\n","protected":false},"excerpt":{"rendered":"<p>BOLSA DE DEPORTE PEQUE\u00f1A 4ATHLTS<\/p>\n","protected":false},"featured_media":55000,"template":"","meta":[],"product_brand":[],"product_cat":[402],"product_tag":[18],"class_list":{"0":"post-41288","1":"product","2":"type-product","3":"status-publish","4":"has-post-thumbnail","6":"product_cat-accesorios_bolsos","7":"product_tag-adidas","8":"pa_color-unico","9":"pa_talla-unica","10":"thunk-woo-product-list","11":"opn-qv-enable","12":"open-woo-hover-","13":"open-single-product-tab-horizontal","14":"open-shadow-","15":"open-shadow-hover-","17":"first","18":"instock","19":"shipping-taxable","20":"purchasable","21":"product-type-variable"},"jetpack_sharing_enabled":true,"_links":{"self":[{"href":"https:\/\/www.deporteseli.com\/index.php?rest_route=\/wp\/v2\/product\/41288","targetHints":{"allow":["GET"]}}],"collection":[{"href":"https:\/\/www.deporteseli.com\/index.php?rest_route=\/wp\/v2\/product"}],"about":[{"href":"https:\/\/www.deporteseli.com\/index.php?rest_route=\/wp\/v2\/types\/product"}],"wp:featuredmedia":[{"embeddable":true,"href":"https:\/\/www.deporteseli.com\/index.php?rest_route=\/wp\/v2\/media\/55000"}],"wp:attachment":[{"href":"https:\/\/www.deporteseli.com\/index.php?rest_route=%2Fwp%2Fv2%2Fmedia&parent=41288"}],"wp:term":[{"taxonomy":"product_brand","embeddable":true,"href":"https:\/\/www.deporteseli.com\/index.php?rest_route=%2Fwp%2Fv2%2Fproduct_brand&post=41288"},{"taxonomy":"product_cat","embeddable":true,"href":"https:\/\/www.deporteseli.com\/index.php?rest_route=%2Fwp%2Fv2%2Fproduct_cat&post=41288"},{"taxonomy":"product_tag","embeddable":true,"href":"https:\/\/www.deporteseli.com\/index.php?rest_route=%2Fwp%2Fv2%2Fproduct_tag&post=41288"}],"curies":[{"name":"wp","href":"https:\/\/api.w.org\/{rel}","templated":true}]}}