{"id":41272,"date":"2026-01-27T19:12:34","date_gmt":"2026-01-27T19:12:34","guid":{"rendered":"https:\/\/www.deporteseli.com\/?product=camiseta-reebok-identity-con-logo-grande"},"modified":"2026-03-07T05:50:57","modified_gmt":"2026-03-07T05:50:57","slug":"camiseta-reebok-identity-con-logo-grande","status":"publish","type":"product","link":"https:\/\/www.deporteseli.com\/?product=camiseta-reebok-identity-con-logo-grande","title":{"rendered":"CAMISETA REEBOK IDENTITY CON LOGO GRANDE"},"content":{"rendered":"<p>CAMISETA REEBOK IDENTITY CON LOGO GRANDE    CAPACITACI\u00d3N    Muestra un poco de amor por Reebok durante tu tiempo libre con esta camiseta para hombre. El algod\u00f3n suave te mantiene c\u00f3modo todo el d\u00eda y lo hace sentir como tu viejo favorito desde el principio. Un logotipo apilado en negrita completa el look.  Nuestros productos de algod\u00f3n se obtienen en su totalidad a trav\u00e9s del cultivo de algod\u00f3n sostenible y est\u00e1n elaborados con al menos un 50 % de Better Cotton.                                                                                                                                                                                                                                                                                                                                                                                                                                                                                                                                                                                                                                                                                                                                                                                                                                                                                                                                                                                                                                        <\/p>\n","protected":false},"excerpt":{"rendered":"<p>CAMISETA REEBOK IDENTITY CON LOGO GRANDE<\/p>\n","protected":false},"featured_media":54986,"template":"","meta":[],"product_brand":[],"product_cat":[245],"product_tag":[41],"class_list":{"0":"post-41272","1":"product","2":"type-product","3":"status-publish","4":"has-post-thumbnail","6":"product_cat-hombre_textil_camisetas","7":"product_tag-reebok","8":"pa_color-unico","9":"pa_talla-l","10":"pa_talla-m","11":"thunk-woo-product-list","12":"opn-qv-enable","13":"open-woo-hover-","14":"open-single-product-tab-horizontal","15":"open-shadow-","16":"open-shadow-hover-","18":"first","19":"instock","20":"shipping-taxable","21":"purchasable","22":"product-type-variable"},"jetpack_sharing_enabled":true,"_links":{"self":[{"href":"https:\/\/www.deporteseli.com\/index.php?rest_route=\/wp\/v2\/product\/41272","targetHints":{"allow":["GET"]}}],"collection":[{"href":"https:\/\/www.deporteseli.com\/index.php?rest_route=\/wp\/v2\/product"}],"about":[{"href":"https:\/\/www.deporteseli.com\/index.php?rest_route=\/wp\/v2\/types\/product"}],"wp:featuredmedia":[{"embeddable":true,"href":"https:\/\/www.deporteseli.com\/index.php?rest_route=\/wp\/v2\/media\/54986"}],"wp:attachment":[{"href":"https:\/\/www.deporteseli.com\/index.php?rest_route=%2Fwp%2Fv2%2Fmedia&parent=41272"}],"wp:term":[{"taxonomy":"product_brand","embeddable":true,"href":"https:\/\/www.deporteseli.com\/index.php?rest_route=%2Fwp%2Fv2%2Fproduct_brand&post=41272"},{"taxonomy":"product_cat","embeddable":true,"href":"https:\/\/www.deporteseli.com\/index.php?rest_route=%2Fwp%2Fv2%2Fproduct_cat&post=41272"},{"taxonomy":"product_tag","embeddable":true,"href":"https:\/\/www.deporteseli.com\/index.php?rest_route=%2Fwp%2Fv2%2Fproduct_tag&post=41272"}],"curies":[{"name":"wp","href":"https:\/\/api.w.org\/{rel}","templated":true}]}}