{"id":41262,"date":"2026-01-27T19:12:17","date_gmt":"2026-01-27T19:12:17","guid":{"rendered":"https:\/\/www.deporteseli.com\/?product=camisa-head-816144-black"},"modified":"2026-03-07T05:50:48","modified_gmt":"2026-03-07T05:50:48","slug":"camisa-head-816144-black","status":"publish","type":"product","link":"https:\/\/www.deporteseli.com\/?product=camisa-head-816144-black","title":{"rendered":"CAMISA HEAD 816144 BLACK"},"content":{"rendered":"<p>Causa sensaci\u00f3n en la pista con la camiseta Topspin de HEAD. Presenta un vibrante estampado en la parte frontal y en la manga izquierda, tiene un cuello en V, panel trasero de malla transpirable, tecnolog\u00eda de secado r\u00e1pido que absorbe la humedad, y logos de HEAD en el pecho izquierdo y en la nuca.    Composici\u00f3n: Tejido 1: 100 % poli\u00e9ster Interlock \/ Tejido 2: 100 % malla de poli\u00e9ster  Cuello en V  Panel trasero de malla  Absorbe la humedad                                                                                                                                                                                                                                                                                                                                                                                                                                                                                                                                                                                                                                                                                                                                                                                                                                                                                                                                                                                                                                        <\/p>\n","protected":false},"excerpt":{"rendered":"<p>CAMISA HEAD 816144 BLACK<\/p>\n","protected":false},"featured_media":54972,"template":"","meta":[],"product_brand":[],"product_cat":[364],"product_tag":[22],"class_list":{"0":"post-41262","1":"product","2":"type-product","3":"status-publish","4":"has-post-thumbnail","6":"product_cat-padel_y_tenis_textil_camisas","7":"product_tag-head","8":"pa_color-unico","9":"pa_talla-t-8","10":"thunk-woo-product-list","11":"opn-qv-enable","12":"open-woo-hover-","13":"open-single-product-tab-horizontal","14":"open-shadow-","15":"open-shadow-hover-","17":"first","18":"instock","19":"shipping-taxable","20":"purchasable","21":"product-type-variable"},"jetpack_sharing_enabled":true,"_links":{"self":[{"href":"https:\/\/www.deporteseli.com\/index.php?rest_route=\/wp\/v2\/product\/41262","targetHints":{"allow":["GET"]}}],"collection":[{"href":"https:\/\/www.deporteseli.com\/index.php?rest_route=\/wp\/v2\/product"}],"about":[{"href":"https:\/\/www.deporteseli.com\/index.php?rest_route=\/wp\/v2\/types\/product"}],"wp:featuredmedia":[{"embeddable":true,"href":"https:\/\/www.deporteseli.com\/index.php?rest_route=\/wp\/v2\/media\/54972"}],"wp:attachment":[{"href":"https:\/\/www.deporteseli.com\/index.php?rest_route=%2Fwp%2Fv2%2Fmedia&parent=41262"}],"wp:term":[{"taxonomy":"product_brand","embeddable":true,"href":"https:\/\/www.deporteseli.com\/index.php?rest_route=%2Fwp%2Fv2%2Fproduct_brand&post=41262"},{"taxonomy":"product_cat","embeddable":true,"href":"https:\/\/www.deporteseli.com\/index.php?rest_route=%2Fwp%2Fv2%2Fproduct_cat&post=41262"},{"taxonomy":"product_tag","embeddable":true,"href":"https:\/\/www.deporteseli.com\/index.php?rest_route=%2Fwp%2Fv2%2Fproduct_tag&post=41262"}],"curies":[{"name":"wp","href":"https:\/\/api.w.org\/{rel}","templated":true}]}}