{"id":41245,"date":"2026-01-27T19:11:42","date_gmt":"2026-01-27T19:11:42","guid":{"rendered":"https:\/\/www.deporteseli.com\/?product=gorra-daily-6"},"modified":"2026-01-27T19:11:45","modified_gmt":"2026-01-27T19:11:45","slug":"gorra-daily-6","status":"publish","type":"product","link":"https:\/\/www.deporteseli.com\/?product=gorra-daily-6","title":{"rendered":"GORRA DAILY"},"content":{"rendered":"<p>ESTILO DEPORTIVO RETRO  Camina, monta en bici o disfruta de festivales con esta gorra de b\u00e9isbol adidas. Se ha confeccionado en un tejido de algod\u00f3n suave y transpirable con un c\u00f3modo cierre ajustable en la nuca.    Este producto contiene al menos un 50% de materiales reciclados y renovables.  Exterior: sarga 100% algod\u00f3n  Forro: capa intermedia 100% poli\u00e9ster reciclado  Cinta interior para el sudor: punto doble 100% poli\u00e9ster reciclado  Corona y visera con curvatura media  Estructura de seis paneles  Cierre ajustable en la nuca  Color del art\u00edculo: Preloved Green \/ White  N\u00famero de art\u00edculo: IR7908                                                                                                                                                                                                                                                                                                                                                                                                                                                                                                                                                                                                                                                                                                                                                                                                                                                                                                                                                                                                                                        <\/p>\n","protected":false},"excerpt":{"rendered":"<p>GORRA DAILY<\/p>\n","protected":false},"featured_media":54959,"template":"","meta":[],"product_brand":[],"product_cat":[399],"product_tag":[18],"class_list":{"0":"post-41245","1":"product","2":"type-product","3":"status-publish","4":"has-post-thumbnail","6":"product_cat-accesorios_gorras","7":"product_tag-adidas","8":"pa_color-unico","9":"pa_talla-s","10":"pa_talla-t-14","11":"thunk-woo-product-list","12":"opn-qv-enable","13":"open-woo-hover-","14":"open-single-product-tab-horizontal","15":"open-shadow-","16":"open-shadow-hover-","18":"first","19":"instock","20":"shipping-taxable","21":"purchasable","22":"product-type-variable"},"jetpack_sharing_enabled":true,"_links":{"self":[{"href":"https:\/\/www.deporteseli.com\/index.php?rest_route=\/wp\/v2\/product\/41245","targetHints":{"allow":["GET"]}}],"collection":[{"href":"https:\/\/www.deporteseli.com\/index.php?rest_route=\/wp\/v2\/product"}],"about":[{"href":"https:\/\/www.deporteseli.com\/index.php?rest_route=\/wp\/v2\/types\/product"}],"wp:featuredmedia":[{"embeddable":true,"href":"https:\/\/www.deporteseli.com\/index.php?rest_route=\/wp\/v2\/media\/54959"}],"wp:attachment":[{"href":"https:\/\/www.deporteseli.com\/index.php?rest_route=%2Fwp%2Fv2%2Fmedia&parent=41245"}],"wp:term":[{"taxonomy":"product_brand","embeddable":true,"href":"https:\/\/www.deporteseli.com\/index.php?rest_route=%2Fwp%2Fv2%2Fproduct_brand&post=41245"},{"taxonomy":"product_cat","embeddable":true,"href":"https:\/\/www.deporteseli.com\/index.php?rest_route=%2Fwp%2Fv2%2Fproduct_cat&post=41245"},{"taxonomy":"product_tag","embeddable":true,"href":"https:\/\/www.deporteseli.com\/index.php?rest_route=%2Fwp%2Fv2%2Fproduct_tag&post=41245"}],"curies":[{"name":"wp","href":"https:\/\/api.w.org\/{rel}","templated":true}]}}