{"id":41234,"date":"2026-01-27T19:11:25","date_gmt":"2026-01-27T19:11:25","guid":{"rendered":"https:\/\/www.deporteseli.com\/?product=conjunto-camiseta-short-adidas-linear"},"modified":"2026-03-07T05:50:30","modified_gmt":"2026-03-07T05:50:30","slug":"conjunto-camiseta-short-adidas-linear","status":"publish","type":"product","link":"https:\/\/www.deporteseli.com\/?product=conjunto-camiseta-short-adidas-linear","title":{"rendered":"CONJUNTO CAMISETA\/SHORT ADIDAS LINEAR"},"content":{"rendered":"<p>Un c\u00f3modo conjunto de camiseta y pantal\u00f3n corto elaborado con la naturaleza.    Este conjunto est\u00e1 fabricado con materiales naturales y renovables como parte de nuestro viaje para dise\u00f1ar recursos finitos y ayudar a acabar con los residuos pl\u00e1sticos.    Ajuste regular  Camiseta: cuello redondo acanalado con broches en los hombros.  Jersey sencillo 100% algod\u00f3n org\u00e1nico  Shorts: cintura el\u00e1stica con cord\u00f3n                                                                                                                                                                                                                                                                                                                                                                                                                                                                                                                                                                                                                                                                                                                                                                                                                                                                                                                                                                                                                                        <\/p>\n","protected":false},"excerpt":{"rendered":"<p>CONJUNTO CAMISETA\/SHORT ADIDAS LINEAR<\/p>\n","protected":false},"featured_media":54953,"template":"","meta":[],"product_brand":[],"product_cat":[297],"product_tag":[18],"class_list":{"0":"post-41234","1":"product","2":"type-product","3":"status-publish","4":"has-post-thumbnail","6":"product_cat-nino_textil_conjuntos","7":"product_tag-adidas","8":"pa_color-unico","9":"pa_talla-12-meses","10":"pa_talla-18-meses","11":"pa_talla-103","12":"pa_talla-167","13":"pa_talla-168","14":"thunk-woo-product-list","15":"opn-qv-enable","16":"open-woo-hover-","17":"open-single-product-tab-horizontal","18":"open-shadow-","19":"open-shadow-hover-","21":"first","22":"instock","23":"shipping-taxable","24":"purchasable","25":"product-type-variable"},"jetpack_sharing_enabled":true,"_links":{"self":[{"href":"https:\/\/www.deporteseli.com\/index.php?rest_route=\/wp\/v2\/product\/41234","targetHints":{"allow":["GET"]}}],"collection":[{"href":"https:\/\/www.deporteseli.com\/index.php?rest_route=\/wp\/v2\/product"}],"about":[{"href":"https:\/\/www.deporteseli.com\/index.php?rest_route=\/wp\/v2\/types\/product"}],"wp:featuredmedia":[{"embeddable":true,"href":"https:\/\/www.deporteseli.com\/index.php?rest_route=\/wp\/v2\/media\/54953"}],"wp:attachment":[{"href":"https:\/\/www.deporteseli.com\/index.php?rest_route=%2Fwp%2Fv2%2Fmedia&parent=41234"}],"wp:term":[{"taxonomy":"product_brand","embeddable":true,"href":"https:\/\/www.deporteseli.com\/index.php?rest_route=%2Fwp%2Fv2%2Fproduct_brand&post=41234"},{"taxonomy":"product_cat","embeddable":true,"href":"https:\/\/www.deporteseli.com\/index.php?rest_route=%2Fwp%2Fv2%2Fproduct_cat&post=41234"},{"taxonomy":"product_tag","embeddable":true,"href":"https:\/\/www.deporteseli.com\/index.php?rest_route=%2Fwp%2Fv2%2Fproduct_tag&post=41234"}],"curies":[{"name":"wp","href":"https:\/\/api.w.org\/{rel}","templated":true}]}}