{"id":41228,"date":"2026-01-27T19:11:16","date_gmt":"2026-01-27T19:11:16","guid":{"rendered":"https:\/\/www.deporteseli.com\/?product=conjunto-adidas-i-lin-co-set-infantil-roscla"},"modified":"2026-03-07T05:50:24","modified_gmt":"2026-03-07T05:50:24","slug":"conjunto-adidas-i-lin-co-set-infantil-roscla","status":"publish","type":"product","link":"https:\/\/www.deporteseli.com\/?product=conjunto-adidas-i-lin-co-set-infantil-roscla","title":{"rendered":"CONJUNTO ADIDAS I LIN CO SET INFANTIL ROSCLA"},"content":{"rendered":"<p>Descripci\u00f3n  El Conjunto adidas I Lin Co Set Infantil Roscla es perfecto para que los peques comiencen el d\u00eda con estilo y comodidad. Est\u00e1 compuesto por una camiseta con el logotipo de adidas y un pantal\u00f3n corto, ambos fabricados en suave algod\u00f3n org\u00e1nico. Ideal para gatear, jugar y explorar el mundo que les rodea. Adem\u00e1s, este producto ha sido dise\u00f1ado con materiales naturales y renovables, contribuyendo as\u00ed a reducir el consumo de recursos finitos y a combatir los residuos pl\u00e1sticos. El corte cl\u00e1sico de este conjunto, junto con el cuello redondo de canal\u00e9 con botones a presi\u00f3n en el hombro de la camiseta y la cintura el\u00e1stica con cord\u00f3n del pantal\u00f3n corto, garantizan un ajuste c\u00f3modo y perfecto.  Haz que tus peques se sientan geniales con este conjunto adidas!                                                                                                                                                                                                                                                                                                                                                                                                                                                                                                                                                                                                                                                                                                                                                                                                                                                                                                                                                                                                                                        <\/p>\n","protected":false},"excerpt":{"rendered":"<p>CONJUNTO ADIDAS I LIN CO SET INFANTIL ROSCLA<\/p>\n","protected":false},"featured_media":54950,"template":"","meta":[],"product_brand":[],"product_cat":[379],"product_tag":[18],"class_list":{"0":"post-41228","1":"product","2":"type-product","3":"status-publish","4":"has-post-thumbnail","6":"product_cat-ninas_textil_conjuntos","7":"product_tag-adidas","8":"pa_color-unico","9":"pa_talla-12-meses","10":"pa_talla-18-meses","11":"pa_talla-103","12":"pa_talla-167","13":"pa_talla-168","14":"thunk-woo-product-list","15":"opn-qv-enable","16":"open-woo-hover-","17":"open-single-product-tab-horizontal","18":"open-shadow-","19":"open-shadow-hover-","21":"first","22":"instock","23":"shipping-taxable","24":"purchasable","25":"product-type-variable"},"jetpack_sharing_enabled":true,"_links":{"self":[{"href":"https:\/\/www.deporteseli.com\/index.php?rest_route=\/wp\/v2\/product\/41228","targetHints":{"allow":["GET"]}}],"collection":[{"href":"https:\/\/www.deporteseli.com\/index.php?rest_route=\/wp\/v2\/product"}],"about":[{"href":"https:\/\/www.deporteseli.com\/index.php?rest_route=\/wp\/v2\/types\/product"}],"wp:featuredmedia":[{"embeddable":true,"href":"https:\/\/www.deporteseli.com\/index.php?rest_route=\/wp\/v2\/media\/54950"}],"wp:attachment":[{"href":"https:\/\/www.deporteseli.com\/index.php?rest_route=%2Fwp%2Fv2%2Fmedia&parent=41228"}],"wp:term":[{"taxonomy":"product_brand","embeddable":true,"href":"https:\/\/www.deporteseli.com\/index.php?rest_route=%2Fwp%2Fv2%2Fproduct_brand&post=41228"},{"taxonomy":"product_cat","embeddable":true,"href":"https:\/\/www.deporteseli.com\/index.php?rest_route=%2Fwp%2Fv2%2Fproduct_cat&post=41228"},{"taxonomy":"product_tag","embeddable":true,"href":"https:\/\/www.deporteseli.com\/index.php?rest_route=%2Fwp%2Fv2%2Fproduct_tag&post=41228"}],"curies":[{"name":"wp","href":"https:\/\/api.w.org\/{rel}","templated":true}]}}