{"id":41218,"date":"2026-01-27T19:10:58","date_gmt":"2026-01-27T19:10:58","guid":{"rendered":"https:\/\/www.deporteseli.com\/?product=conjunto-de-chandal-adidas-infants-essentials"},"modified":"2026-03-07T05:50:17","modified_gmt":"2026-03-07T05:50:17","slug":"conjunto-de-chandal-adidas-infants-essentials","status":"publish","type":"product","link":"https:\/\/www.deporteseli.com\/?product=conjunto-de-chandal-adidas-infants-essentials","title":{"rendered":"CONJUNTO DE CH\u00e1NDAL ADIDAS INFANTS ESSENTIALS"},"content":{"rendered":"<p>Ch\u00e1ndal Infantil Adidas Essentials Lineage  Preloved Ink     Equipa a tu peque para la acci\u00f3n de cada d\u00eda con este conjunto adidas. Tanto la sudadera como el pantal\u00f3n se han confeccionado en una mezcla de algod\u00f3n suave con pu\u00f1os de canal\u00e9 que le ofrecen un ajuste m\u00e1s c\u00f3modo. Los botones a presi\u00f3n en el hombro te permiten pon\u00e9rselo y quit\u00e1rselo f\u00e1cilmente.    Este producto contiene al menos un 70% de materiales reciclados y renovables.  Corte cl\u00e1sico  Sudadera: cuello redondo de canal\u00e9 con botones a presi\u00f3n en el hombro  Sudadera: pu\u00f1os y dobladillo de canal\u00e9  Felpa 70% algod\u00f3n \/ 30% poli\u00e9ster reciclado  Pantal\u00f3n: cintura el\u00e1stica con cord\u00f3n  Producto creado en colaboraci\u00f3n con Better Cotton                                                                                                                                                                                                                                                                                                                                                                                                                                                                                                                                                                                                                                                                                                                                                                                                                                                                                                                                                                                                                                        <\/p>\n","protected":false},"excerpt":{"rendered":"<p>CONJUNTO DE CH\u00e1NDAL ADIDAS INFANTS ESSENTIALS<\/p>\n","protected":false},"featured_media":54941,"template":"","meta":[],"product_brand":[],"product_cat":[298],"product_tag":[18],"class_list":{"0":"post-41218","1":"product","2":"type-product","3":"status-publish","4":"has-post-thumbnail","6":"product_cat-nino_textil_chandals","7":"product_tag-adidas","8":"pa_color-unico","9":"pa_talla-103","10":"pa_talla-167","11":"thunk-woo-product-list","12":"opn-qv-enable","13":"open-woo-hover-","14":"open-single-product-tab-horizontal","15":"open-shadow-","16":"open-shadow-hover-","18":"first","19":"instock","20":"shipping-taxable","21":"purchasable","22":"product-type-variable"},"jetpack_sharing_enabled":true,"_links":{"self":[{"href":"https:\/\/www.deporteseli.com\/index.php?rest_route=\/wp\/v2\/product\/41218","targetHints":{"allow":["GET"]}}],"collection":[{"href":"https:\/\/www.deporteseli.com\/index.php?rest_route=\/wp\/v2\/product"}],"about":[{"href":"https:\/\/www.deporteseli.com\/index.php?rest_route=\/wp\/v2\/types\/product"}],"wp:featuredmedia":[{"embeddable":true,"href":"https:\/\/www.deporteseli.com\/index.php?rest_route=\/wp\/v2\/media\/54941"}],"wp:attachment":[{"href":"https:\/\/www.deporteseli.com\/index.php?rest_route=%2Fwp%2Fv2%2Fmedia&parent=41218"}],"wp:term":[{"taxonomy":"product_brand","embeddable":true,"href":"https:\/\/www.deporteseli.com\/index.php?rest_route=%2Fwp%2Fv2%2Fproduct_brand&post=41218"},{"taxonomy":"product_cat","embeddable":true,"href":"https:\/\/www.deporteseli.com\/index.php?rest_route=%2Fwp%2Fv2%2Fproduct_cat&post=41218"},{"taxonomy":"product_tag","embeddable":true,"href":"https:\/\/www.deporteseli.com\/index.php?rest_route=%2Fwp%2Fv2%2Fproduct_tag&post=41218"}],"curies":[{"name":"wp","href":"https:\/\/api.w.org\/{rel}","templated":true}]}}