{"id":41213,"date":"2026-01-27T19:10:50","date_gmt":"2026-01-27T19:10:50","guid":{"rendered":"https:\/\/www.deporteseli.com\/?product=gorra-metal-badge-lightweight"},"modified":"2026-01-27T19:10:51","modified_gmt":"2026-01-27T19:10:51","slug":"gorra-metal-badge-lightweight","status":"publish","type":"product","link":"https:\/\/www.deporteseli.com\/?product=gorra-metal-badge-lightweight","title":{"rendered":"GORRA METAL BADGE LIGHTWEIGHT"},"content":{"rendered":"<p>L\u00daCETE BAJO EL SOL  Esta gorra de b\u00e9isbol adidas presenta un dise\u00f1o monocrom\u00e1tico que le confiere un estilo minimalista. El discreto logotipo brilla bajo la luz y le aporta un toque llamativo. La correa ajustable de la nuca te garantiza un ajuste perfecto.    Este producto se ha fabricado con diferentes materiales t\u00e9cnicos y contiene al menos un 40% de material reciclado. Su objetivo es plantear otra soluci\u00f3n m\u00e1s que ayude a eliminar los residuos pl\u00e1sticos.  Tejido t\u00e9cnico 100% poli\u00e9ster reciclado  Visera curvada  Cierre ajustable en la nuca  Color del art\u00edculo: Clear Pink  N\u00famero de art\u00edculo: IR7892                                                                                                                                                                                                                                                                                                                                                                                                                                                                                                                                                                                                                                                                                                                                                                                                                                                                                                                                                                                                                                        <\/p>\n","protected":false},"excerpt":{"rendered":"<p>GORRA METAL BADGE LIGHTWEIGHT<\/p>\n","protected":false},"featured_media":54935,"template":"","meta":[],"product_brand":[],"product_cat":[399],"product_tag":[18],"class_list":{"0":"post-41213","1":"product","2":"type-product","3":"status-publish","4":"has-post-thumbnail","6":"product_cat-accesorios_gorras","7":"product_tag-adidas","8":"pa_color-unico","9":"pa_talla-m","10":"thunk-woo-product-list","11":"opn-qv-enable","12":"open-woo-hover-","13":"open-single-product-tab-horizontal","14":"open-shadow-","15":"open-shadow-hover-","17":"first","18":"instock","19":"shipping-taxable","20":"purchasable","21":"product-type-variable"},"jetpack_sharing_enabled":true,"_links":{"self":[{"href":"https:\/\/www.deporteseli.com\/index.php?rest_route=\/wp\/v2\/product\/41213","targetHints":{"allow":["GET"]}}],"collection":[{"href":"https:\/\/www.deporteseli.com\/index.php?rest_route=\/wp\/v2\/product"}],"about":[{"href":"https:\/\/www.deporteseli.com\/index.php?rest_route=\/wp\/v2\/types\/product"}],"wp:featuredmedia":[{"embeddable":true,"href":"https:\/\/www.deporteseli.com\/index.php?rest_route=\/wp\/v2\/media\/54935"}],"wp:attachment":[{"href":"https:\/\/www.deporteseli.com\/index.php?rest_route=%2Fwp%2Fv2%2Fmedia&parent=41213"}],"wp:term":[{"taxonomy":"product_brand","embeddable":true,"href":"https:\/\/www.deporteseli.com\/index.php?rest_route=%2Fwp%2Fv2%2Fproduct_brand&post=41213"},{"taxonomy":"product_cat","embeddable":true,"href":"https:\/\/www.deporteseli.com\/index.php?rest_route=%2Fwp%2Fv2%2Fproduct_cat&post=41213"},{"taxonomy":"product_tag","embeddable":true,"href":"https:\/\/www.deporteseli.com\/index.php?rest_route=%2Fwp%2Fv2%2Fproduct_tag&post=41213"}],"curies":[{"name":"wp","href":"https:\/\/api.w.org\/{rel}","templated":true}]}}