{"id":41207,"date":"2026-01-27T19:10:39","date_gmt":"2026-01-27T19:10:39","guid":{"rendered":"https:\/\/www.deporteseli.com\/?product=cintas-para-el-pelo-training-multiple"},"modified":"2026-01-27T19:10:42","modified_gmt":"2026-01-27T19:10:42","slug":"cintas-para-el-pelo-training-multiple","status":"publish","type":"product","link":"https:\/\/www.deporteseli.com\/?product=cintas-para-el-pelo-training-multiple","title":{"rendered":"CINTAS PARA EL PELO TRAINING MULTIPLE"},"content":{"rendered":"<p>UN ACCESORIO IMPRESCINDIBLE  No dejes que el pelo afecte a tu rendimiento con estas cintas adidas para la cabeza. Cuentan con puntos de silicona para evitar que se muevan y lucen diferentes anchuras para que elijas la m\u00e1s adecuada para tu rutina diaria. Con tres por paquete podr\u00e1s afrontar hasta los entrenamientos m\u00e1s intensos.    Este producto se ha fabricado con diferentes materiales t\u00e9cnicos y contiene al menos un 40% de material reciclado. Su objetivo es plantear otra soluci\u00f3n m\u00e1s que ayude a eliminar los residuos pl\u00e1sticos.                                                                                                                                                                                                                                                                                                                                                                                                                                                                                                                                                                                                                                                                                                                                                                                                                                                                                                                                                                                                                                        <\/p>\n","protected":false},"excerpt":{"rendered":"<p>CINTAS PARA EL PELO TRAINING MULTIPLE<\/p>\n","protected":false},"featured_media":54932,"template":"","meta":[],"product_brand":[],"product_cat":[242],"product_tag":[18],"class_list":{"0":"post-41207","1":"product","2":"type-product","3":"status-publish","4":"has-post-thumbnail","6":"product_cat-unisex_accesorios","7":"product_tag-adidas","8":"pa_color-unico","9":"pa_talla-unica","10":"thunk-woo-product-list","11":"opn-qv-enable","12":"open-woo-hover-","13":"open-single-product-tab-horizontal","14":"open-shadow-","15":"open-shadow-hover-","17":"first","18":"instock","19":"shipping-taxable","20":"purchasable","21":"product-type-variable"},"jetpack_sharing_enabled":true,"_links":{"self":[{"href":"https:\/\/www.deporteseli.com\/index.php?rest_route=\/wp\/v2\/product\/41207","targetHints":{"allow":["GET"]}}],"collection":[{"href":"https:\/\/www.deporteseli.com\/index.php?rest_route=\/wp\/v2\/product"}],"about":[{"href":"https:\/\/www.deporteseli.com\/index.php?rest_route=\/wp\/v2\/types\/product"}],"wp:featuredmedia":[{"embeddable":true,"href":"https:\/\/www.deporteseli.com\/index.php?rest_route=\/wp\/v2\/media\/54932"}],"wp:attachment":[{"href":"https:\/\/www.deporteseli.com\/index.php?rest_route=%2Fwp%2Fv2%2Fmedia&parent=41207"}],"wp:term":[{"taxonomy":"product_brand","embeddable":true,"href":"https:\/\/www.deporteseli.com\/index.php?rest_route=%2Fwp%2Fv2%2Fproduct_brand&post=41207"},{"taxonomy":"product_cat","embeddable":true,"href":"https:\/\/www.deporteseli.com\/index.php?rest_route=%2Fwp%2Fv2%2Fproduct_cat&post=41207"},{"taxonomy":"product_tag","embeddable":true,"href":"https:\/\/www.deporteseli.com\/index.php?rest_route=%2Fwp%2Fv2%2Fproduct_tag&post=41207"}],"curies":[{"name":"wp","href":"https:\/\/api.w.org\/{rel}","templated":true}]}}