{"id":41202,"date":"2026-01-27T19:10:33","date_gmt":"2026-01-27T19:10:33","guid":{"rendered":"https:\/\/www.deporteseli.com\/?product=gel-game-9-gs-clay"},"modified":"2026-03-13T05:18:16","modified_gmt":"2026-03-13T05:18:16","slug":"gel-game-9-gs-clay","status":"publish","type":"product","link":"https:\/\/www.deporteseli.com\/?product=gel-game-9-gs-clay","title":{"rendered":"GEL-GAME 9 GS CLAY"},"content":{"rendered":"<p>Descripci\u00f3n  La zapatilla de tenis GEL-GAME 9 GS (Grade School) Clay\/OC es c\u00f3moda y resistente, un modelo vers\u00e1til para los j\u00f3venes deportistas aficionados que juegan varias veces a la semana.    Con un dise\u00f1o de malla abierta en la parte superior para mejorar el flujo de aire y mantener los pies frescos, esta zapatilla se complementa con revestimientos de cuero sint\u00e9tico y una capa de PU (poliuretano) que aportan una mayor estabilidad al realizar transiciones bruscas. Las nuevas prestaciones combinan una mediasuela de espuma EVA y amortiguaci\u00f3n con tecnolog\u00eda GEL en la parte anterior y mejora la absorci\u00f3n de impactos.    La suela mejorada es m\u00e1s flexible y tiene un dise\u00f1o m\u00e1s resistente                                                                                                                                                                                                                                                                                                                                                                                                                                                                                                                                                                                                                                                                                                                                                                                                                                                                                                                                                                                                                                        <\/p>\n","protected":false},"excerpt":{"rendered":"<p>GEL-GAME 9 GS CLAY<\/p>\n","protected":false},"featured_media":54928,"template":"","meta":[],"product_brand":[],"product_cat":[371],"product_tag":[19],"class_list":{"0":"post-41202","1":"product","2":"type-product","3":"status-publish","4":"has-post-thumbnail","6":"product_cat-padel_y_tenis_calzado","7":"product_tag-asics","8":"pa_color-unico","9":"pa_talla-33-5","10":"pa_talla-147","11":"pa_talla-39-5","12":"pa_talla-149","13":"thunk-woo-product-list","14":"opn-qv-enable","15":"open-woo-hover-","16":"open-single-product-tab-horizontal","17":"open-shadow-","18":"open-shadow-hover-","20":"first","21":"instock","22":"sale","23":"shipping-taxable","24":"purchasable","25":"product-type-variable"},"jetpack_sharing_enabled":true,"_links":{"self":[{"href":"https:\/\/www.deporteseli.com\/index.php?rest_route=\/wp\/v2\/product\/41202","targetHints":{"allow":["GET"]}}],"collection":[{"href":"https:\/\/www.deporteseli.com\/index.php?rest_route=\/wp\/v2\/product"}],"about":[{"href":"https:\/\/www.deporteseli.com\/index.php?rest_route=\/wp\/v2\/types\/product"}],"wp:featuredmedia":[{"embeddable":true,"href":"https:\/\/www.deporteseli.com\/index.php?rest_route=\/wp\/v2\/media\/54928"}],"wp:attachment":[{"href":"https:\/\/www.deporteseli.com\/index.php?rest_route=%2Fwp%2Fv2%2Fmedia&parent=41202"}],"wp:term":[{"taxonomy":"product_brand","embeddable":true,"href":"https:\/\/www.deporteseli.com\/index.php?rest_route=%2Fwp%2Fv2%2Fproduct_brand&post=41202"},{"taxonomy":"product_cat","embeddable":true,"href":"https:\/\/www.deporteseli.com\/index.php?rest_route=%2Fwp%2Fv2%2Fproduct_cat&post=41202"},{"taxonomy":"product_tag","embeddable":true,"href":"https:\/\/www.deporteseli.com\/index.php?rest_route=%2Fwp%2Fv2%2Fproduct_tag&post=41202"}],"curies":[{"name":"wp","href":"https:\/\/api.w.org\/{rel}","templated":true}]}}