{"id":41160,"date":"2026-01-27T19:09:30","date_gmt":"2026-01-27T19:09:30","guid":{"rendered":"https:\/\/www.deporteseli.com\/?product=camiseta-bullpadel-lacar-amarillo-azufre-fluo"},"modified":"2026-03-07T05:49:30","modified_gmt":"2026-03-07T05:49:30","slug":"camiseta-bullpadel-lacar-amarillo-azufre-fluo","status":"publish","type":"product","link":"https:\/\/www.deporteseli.com\/?product=camiseta-bullpadel-lacar-amarillo-azufre-fluo","title":{"rendered":"CAMISETA BULLPADEL LACAR AMARILLO AZUFRE FLUO"},"content":{"rendered":"<p>Camiseta t\u00e9cnica de intelock, con dise\u00f1o atractivo en el pecho y un detalle de cuello bicolor. Fabricado con tejido ultraligero en poli\u00e9ster con efecto Ripstop. Se le aplica el acabado Quickerdry, tecnolog\u00eda que utiliza microfilamentos para reducir la humedad y ayudar a la transpiraci\u00f3n.  Camiseta de hombre de nuestra l\u00ednea Court.    Color: Amarillo azufre fluor    Composici\u00f3n: 100% Poli\u00e9ster. Interlock ripstop    Tejido t\u00e9cnico: Quickerdry                                                                                                                                                                                                                                                                                                                                                                                                                                                                                                                                                                                                                                                                                                                                                                                                                                                                                                                                                                                                                                        <\/p>\n","protected":false},"excerpt":{"rendered":"<p>CAMISETA BULLPADEL LACAR AMARILLO AZUFRE FLUO<\/p>\n","protected":false},"featured_media":54900,"template":"","meta":[],"product_brand":[],"product_cat":[364],"product_tag":[21],"class_list":{"0":"post-41160","1":"product","2":"type-product","3":"status-publish","4":"has-post-thumbnail","6":"product_cat-padel_y_tenis_textil_camisas","7":"product_tag-bull_padel","8":"pa_color-unico","9":"pa_talla-m","10":"pa_talla-xxl","11":"thunk-woo-product-list","12":"opn-qv-enable","13":"open-woo-hover-","14":"open-single-product-tab-horizontal","15":"open-shadow-","16":"open-shadow-hover-","18":"first","19":"instock","20":"shipping-taxable","21":"purchasable","22":"product-type-variable"},"jetpack_sharing_enabled":true,"_links":{"self":[{"href":"https:\/\/www.deporteseli.com\/index.php?rest_route=\/wp\/v2\/product\/41160","targetHints":{"allow":["GET"]}}],"collection":[{"href":"https:\/\/www.deporteseli.com\/index.php?rest_route=\/wp\/v2\/product"}],"about":[{"href":"https:\/\/www.deporteseli.com\/index.php?rest_route=\/wp\/v2\/types\/product"}],"wp:featuredmedia":[{"embeddable":true,"href":"https:\/\/www.deporteseli.com\/index.php?rest_route=\/wp\/v2\/media\/54900"}],"wp:attachment":[{"href":"https:\/\/www.deporteseli.com\/index.php?rest_route=%2Fwp%2Fv2%2Fmedia&parent=41160"}],"wp:term":[{"taxonomy":"product_brand","embeddable":true,"href":"https:\/\/www.deporteseli.com\/index.php?rest_route=%2Fwp%2Fv2%2Fproduct_brand&post=41160"},{"taxonomy":"product_cat","embeddable":true,"href":"https:\/\/www.deporteseli.com\/index.php?rest_route=%2Fwp%2Fv2%2Fproduct_cat&post=41160"},{"taxonomy":"product_tag","embeddable":true,"href":"https:\/\/www.deporteseli.com\/index.php?rest_route=%2Fwp%2Fv2%2Fproduct_tag&post=41160"}],"curies":[{"name":"wp","href":"https:\/\/api.w.org\/{rel}","templated":true}]}}