{"id":41155,"date":"2026-01-27T19:09:23","date_gmt":"2026-01-27T19:09:23","guid":{"rendered":"https:\/\/www.deporteseli.com\/?product=short-bullpadel-afate-negro"},"modified":"2026-03-07T05:49:24","modified_gmt":"2026-03-07T05:49:24","slug":"short-bullpadel-afate-negro","status":"publish","type":"product","link":"https:\/\/www.deporteseli.com\/?product=short-bullpadel-afate-negro","title":{"rendered":"SHORT BULLPADEL AFATE NEGRO"},"content":{"rendered":"<p>Short de 42 cm de largo, dise\u00f1ado con cinturilla el\u00e1stica con cord\u00f3n ajustable, bolsillos laterales, braguero, bolsillo interior y mosquet\u00f3n. Fabricado con tejido Single Jersey de poli\u00e9ster el\u00e1stico. Se le aplica la tecnolog\u00eda Drynamic, que utiliza los microfilamentos para reducir la humedad y ayudar a la transpiraci\u00f3n.  Short de hombre de nuestra l\u00ednea Master.    Color: Negro    Composici\u00f3n: 80% Nylon &#8211; 20% Elast\u00e1n. Elastic single jersey    Tejido t\u00e9cnico: Binamic                                                                                                                                                                                                                                                                                                                                                                                                                                                                                                                                                                                                                                                                                                                                                                                                                                                                                                                                                                                                                                        <\/p>\n","protected":false},"excerpt":{"rendered":"<p>SHORT BULLPADEL AFATE NEGRO<\/p>\n","protected":false},"featured_media":54892,"template":"","meta":[],"product_brand":[],"product_cat":[365],"product_tag":[21],"class_list":{"0":"post-41155","1":"product","2":"type-product","3":"status-publish","4":"has-post-thumbnail","6":"product_cat-padel_y_tenis_textil_shorts","7":"product_tag-bull_padel","8":"pa_color-unico","9":"pa_talla-s","10":"pa_talla-xxl","11":"thunk-woo-product-list","12":"opn-qv-enable","13":"open-woo-hover-","14":"open-single-product-tab-horizontal","15":"open-shadow-","16":"open-shadow-hover-","18":"first","19":"instock","20":"shipping-taxable","21":"purchasable","22":"product-type-variable"},"jetpack_sharing_enabled":true,"_links":{"self":[{"href":"https:\/\/www.deporteseli.com\/index.php?rest_route=\/wp\/v2\/product\/41155","targetHints":{"allow":["GET"]}}],"collection":[{"href":"https:\/\/www.deporteseli.com\/index.php?rest_route=\/wp\/v2\/product"}],"about":[{"href":"https:\/\/www.deporteseli.com\/index.php?rest_route=\/wp\/v2\/types\/product"}],"wp:featuredmedia":[{"embeddable":true,"href":"https:\/\/www.deporteseli.com\/index.php?rest_route=\/wp\/v2\/media\/54892"}],"wp:attachment":[{"href":"https:\/\/www.deporteseli.com\/index.php?rest_route=%2Fwp%2Fv2%2Fmedia&parent=41155"}],"wp:term":[{"taxonomy":"product_brand","embeddable":true,"href":"https:\/\/www.deporteseli.com\/index.php?rest_route=%2Fwp%2Fv2%2Fproduct_brand&post=41155"},{"taxonomy":"product_cat","embeddable":true,"href":"https:\/\/www.deporteseli.com\/index.php?rest_route=%2Fwp%2Fv2%2Fproduct_cat&post=41155"},{"taxonomy":"product_tag","embeddable":true,"href":"https:\/\/www.deporteseli.com\/index.php?rest_route=%2Fwp%2Fv2%2Fproduct_tag&post=41155"}],"curies":[{"name":"wp","href":"https:\/\/api.w.org\/{rel}","templated":true}]}}