{"id":40981,"date":"2026-01-27T19:05:36","date_gmt":"2026-01-27T19:05:36","guid":{"rendered":"https:\/\/www.deporteseli.com\/?product=short-j-smith-aduar"},"modified":"2026-03-07T05:48:03","modified_gmt":"2026-03-07T05:48:03","slug":"short-j-smith-aduar","status":"publish","type":"product","link":"https:\/\/www.deporteseli.com\/?product=short-j-smith-aduar","title":{"rendered":"SHORT J.SMITH ADUAR"},"content":{"rendered":"<p>DESCRIPCI\u00d3N  Malla ciclista en tejido de poli\u00e9ster con elast\u00e1n y acabado drynamic. Piezas estampadas en los laterales, cord\u00f3n ajustable en la cintura, detalles reflectantes y bolsillos laterales.    Composici\u00f3n: 90% poli\u00e9ster-10% elast\u00e1n, single jersey, acabado Drynamic, tejido con microfilamentos de poli\u00e9ster, que ayuda a la evaporaci\u00f3n del sudor.                                                                                                                                                                                                                                                                                                                                                                                                                                                                                                                                                                                                                                                                                                                                                                                                                                                                                                                                                                                                                                        <\/p>\n","protected":false},"excerpt":{"rendered":"<p>SHORT J.SMITH ADUAR<\/p>\n","protected":false},"featured_media":54797,"template":"","meta":[],"product_brand":[],"product_cat":[277],"product_tag":[43],"class_list":{"0":"post-40981","1":"product","2":"type-product","3":"status-publish","4":"has-post-thumbnail","6":"product_cat-mujer_textil_shorts","7":"product_tag-jhon_smith","8":"pa_color-unico","9":"pa_talla-s","10":"pa_talla-xs","11":"thunk-woo-product-list","12":"opn-qv-enable","13":"open-woo-hover-","14":"open-single-product-tab-horizontal","15":"open-shadow-","16":"open-shadow-hover-","18":"first","19":"instock","20":"shipping-taxable","21":"purchasable","22":"product-type-variable"},"jetpack_sharing_enabled":true,"_links":{"self":[{"href":"https:\/\/www.deporteseli.com\/index.php?rest_route=\/wp\/v2\/product\/40981","targetHints":{"allow":["GET"]}}],"collection":[{"href":"https:\/\/www.deporteseli.com\/index.php?rest_route=\/wp\/v2\/product"}],"about":[{"href":"https:\/\/www.deporteseli.com\/index.php?rest_route=\/wp\/v2\/types\/product"}],"wp:featuredmedia":[{"embeddable":true,"href":"https:\/\/www.deporteseli.com\/index.php?rest_route=\/wp\/v2\/media\/54797"}],"wp:attachment":[{"href":"https:\/\/www.deporteseli.com\/index.php?rest_route=%2Fwp%2Fv2%2Fmedia&parent=40981"}],"wp:term":[{"taxonomy":"product_brand","embeddable":true,"href":"https:\/\/www.deporteseli.com\/index.php?rest_route=%2Fwp%2Fv2%2Fproduct_brand&post=40981"},{"taxonomy":"product_cat","embeddable":true,"href":"https:\/\/www.deporteseli.com\/index.php?rest_route=%2Fwp%2Fv2%2Fproduct_cat&post=40981"},{"taxonomy":"product_tag","embeddable":true,"href":"https:\/\/www.deporteseli.com\/index.php?rest_route=%2Fwp%2Fv2%2Fproduct_tag&post=40981"}],"curies":[{"name":"wp","href":"https:\/\/api.w.org\/{rel}","templated":true}]}}