{"id":40978,"date":"2026-01-27T19:05:33","date_gmt":"2026-01-27T19:05:33","guid":{"rendered":"https:\/\/www.deporteseli.com\/?product=camisa-j-smith-launa"},"modified":"2026-03-07T05:48:00","modified_gmt":"2026-03-07T05:48:00","slug":"camisa-j-smith-launa","status":"publish","type":"product","link":"https:\/\/www.deporteseli.com\/?product=camisa-j-smith-launa","title":{"rendered":"CAMISA J.SMITH LAUNA"},"content":{"rendered":"<p>DESCRIPCI\u00d3N  Camiseta de la l\u00ednea de entrenamiento, de manga corta con manga ranglan y gr\u00e1fico en el pecho y firma en la espalda.    Confeccionada en tejido confortable de single jersey el\u00e1stico con algod\u00f3n.    Composici\u00f3n: 57% poli\u00e9ster-40% algod\u00f3n-3% elast\u00e1n, single jersey.                                                                                                                                                                                                                                                                                                                                                                                                                                                                                                                                                                                                                                                                                                                                                                                                                                                                                                                                                                                                                                        <\/p>\n","protected":false},"excerpt":{"rendered":"<p>CAMISA J.SMITH LAUNA<\/p>\n","protected":false},"featured_media":54794,"template":"","meta":[],"product_brand":[],"product_cat":[269],"product_tag":[43],"class_list":{"0":"post-40978","1":"product","2":"type-product","3":"status-publish","4":"has-post-thumbnail","6":"product_cat-mujer_textil_camisetas","7":"product_tag-jhon_smith","8":"pa_color-unico","9":"pa_talla-l","10":"pa_talla-m","11":"thunk-woo-product-list","12":"opn-qv-enable","13":"open-woo-hover-","14":"open-single-product-tab-horizontal","15":"open-shadow-","16":"open-shadow-hover-","18":"first","19":"instock","20":"shipping-taxable","21":"purchasable","22":"product-type-variable"},"jetpack_sharing_enabled":true,"_links":{"self":[{"href":"https:\/\/www.deporteseli.com\/index.php?rest_route=\/wp\/v2\/product\/40978","targetHints":{"allow":["GET"]}}],"collection":[{"href":"https:\/\/www.deporteseli.com\/index.php?rest_route=\/wp\/v2\/product"}],"about":[{"href":"https:\/\/www.deporteseli.com\/index.php?rest_route=\/wp\/v2\/types\/product"}],"wp:featuredmedia":[{"embeddable":true,"href":"https:\/\/www.deporteseli.com\/index.php?rest_route=\/wp\/v2\/media\/54794"}],"wp:attachment":[{"href":"https:\/\/www.deporteseli.com\/index.php?rest_route=%2Fwp%2Fv2%2Fmedia&parent=40978"}],"wp:term":[{"taxonomy":"product_brand","embeddable":true,"href":"https:\/\/www.deporteseli.com\/index.php?rest_route=%2Fwp%2Fv2%2Fproduct_brand&post=40978"},{"taxonomy":"product_cat","embeddable":true,"href":"https:\/\/www.deporteseli.com\/index.php?rest_route=%2Fwp%2Fv2%2Fproduct_cat&post=40978"},{"taxonomy":"product_tag","embeddable":true,"href":"https:\/\/www.deporteseli.com\/index.php?rest_route=%2Fwp%2Fv2%2Fproduct_tag&post=40978"}],"curies":[{"name":"wp","href":"https:\/\/api.w.org\/{rel}","templated":true}]}}