{"id":40974,"date":"2026-01-27T19:05:28","date_gmt":"2026-01-27T19:05:28","guid":{"rendered":"https:\/\/www.deporteseli.com\/?product=camisa-j-smith-holeo"},"modified":"2026-03-07T05:47:56","modified_gmt":"2026-03-07T05:47:56","slug":"camisa-j-smith-holeo","status":"publish","type":"product","link":"https:\/\/www.deporteseli.com\/?product=camisa-j-smith-holeo","title":{"rendered":"CAMISA J.SMITH HOLEO"},"content":{"rendered":"<p>Camiseta de nuestra l\u00ednea se entrenamiento, de manga corta y gr\u00e1fico de la l\u00ednea en pecho y espalda. Est\u00e1 confeccionada en rejilla el\u00e1stica para mayor ventilaci\u00f3n.  Se le aplica la tecnolog\u00eda Drynamic, utilizando microfilamentos para reducir la humedad y ayudar a la transpiraci\u00f3n.    Composici\u00f3n: 93% poli\u00e9ster-7% elast\u00e1n, elastic mesh.                                                                                                                                                                                                                                                                                                                                                                                                                                                                                                                                                                                                                                                                                                                                                                                                                                                                                                                                                                                                                                        <\/p>\n","protected":false},"excerpt":{"rendered":"<p>CAMISA J.SMITH HOLEO<\/p>\n","protected":false},"featured_media":54791,"template":"","meta":[],"product_brand":[],"product_cat":[245],"product_tag":[43],"class_list":{"0":"post-40974","1":"product","2":"type-product","3":"status-publish","4":"has-post-thumbnail","6":"product_cat-hombre_textil_camisetas","7":"product_tag-jhon_smith","8":"pa_color-unico","9":"pa_talla-l","10":"pa_talla-s","11":"pa_talla-xl","12":"thunk-woo-product-list","13":"opn-qv-enable","14":"open-woo-hover-","15":"open-single-product-tab-horizontal","16":"open-shadow-","17":"open-shadow-hover-","19":"first","20":"instock","21":"shipping-taxable","22":"purchasable","23":"product-type-variable"},"jetpack_sharing_enabled":true,"_links":{"self":[{"href":"https:\/\/www.deporteseli.com\/index.php?rest_route=\/wp\/v2\/product\/40974","targetHints":{"allow":["GET"]}}],"collection":[{"href":"https:\/\/www.deporteseli.com\/index.php?rest_route=\/wp\/v2\/product"}],"about":[{"href":"https:\/\/www.deporteseli.com\/index.php?rest_route=\/wp\/v2\/types\/product"}],"wp:featuredmedia":[{"embeddable":true,"href":"https:\/\/www.deporteseli.com\/index.php?rest_route=\/wp\/v2\/media\/54791"}],"wp:attachment":[{"href":"https:\/\/www.deporteseli.com\/index.php?rest_route=%2Fwp%2Fv2%2Fmedia&parent=40974"}],"wp:term":[{"taxonomy":"product_brand","embeddable":true,"href":"https:\/\/www.deporteseli.com\/index.php?rest_route=%2Fwp%2Fv2%2Fproduct_brand&post=40974"},{"taxonomy":"product_cat","embeddable":true,"href":"https:\/\/www.deporteseli.com\/index.php?rest_route=%2Fwp%2Fv2%2Fproduct_cat&post=40974"},{"taxonomy":"product_tag","embeddable":true,"href":"https:\/\/www.deporteseli.com\/index.php?rest_route=%2Fwp%2Fv2%2Fproduct_tag&post=40974"}],"curies":[{"name":"wp","href":"https:\/\/api.w.org\/{rel}","templated":true}]}}