{"id":40920,"date":"2026-01-27T19:04:24","date_gmt":"2026-01-27T19:04:24","guid":{"rendered":"https:\/\/www.deporteseli.com\/?product=short-j-smith-grana-3"},"modified":"2026-03-07T05:47:05","modified_gmt":"2026-03-07T05:47:05","slug":"short-j-smith-grana-3","status":"publish","type":"product","link":"https:\/\/www.deporteseli.com\/?product=short-j-smith-grana-3","title":{"rendered":"SHORT J.SMITH GRANA"},"content":{"rendered":"<p>Bermuda con cinturilla el\u00e1stica personalizada con cord\u00f3n en el interior, bolsillos laterales y peque\u00f1o gr\u00e1fico, confeccionada en single jersey de algod\u00f3n y poli\u00e9ster.  Composici\u00f3n: 65% poli\u00e9ster-35% algod\u00f3n, single jersey.                                                                                                                                                                                                                                                                                                                                                                                                                                                                                                                                                                                                                                                                                                                                                                                                                                                                                                                                                                                                                                        <\/p>\n","protected":false},"excerpt":{"rendered":"<p>SHORT J.SMITH GRANA<\/p>\n","protected":false},"featured_media":54758,"template":"","meta":[],"product_brand":[],"product_cat":[250],"product_tag":[43],"class_list":{"0":"post-40920","1":"product","2":"type-product","3":"status-publish","4":"has-post-thumbnail","6":"product_cat-hombre_textil_bermudas","7":"product_tag-jhon_smith","8":"pa_color-unico","9":"pa_talla-l","10":"pa_talla-m","11":"pa_talla-s","12":"pa_talla-xl","13":"pa_talla-xxl","14":"thunk-woo-product-list","15":"opn-qv-enable","16":"open-woo-hover-","17":"open-single-product-tab-horizontal","18":"open-shadow-","19":"open-shadow-hover-","21":"first","22":"instock","23":"shipping-taxable","24":"purchasable","25":"product-type-variable"},"jetpack_sharing_enabled":true,"_links":{"self":[{"href":"https:\/\/www.deporteseli.com\/index.php?rest_route=\/wp\/v2\/product\/40920","targetHints":{"allow":["GET"]}}],"collection":[{"href":"https:\/\/www.deporteseli.com\/index.php?rest_route=\/wp\/v2\/product"}],"about":[{"href":"https:\/\/www.deporteseli.com\/index.php?rest_route=\/wp\/v2\/types\/product"}],"wp:featuredmedia":[{"embeddable":true,"href":"https:\/\/www.deporteseli.com\/index.php?rest_route=\/wp\/v2\/media\/54758"}],"wp:attachment":[{"href":"https:\/\/www.deporteseli.com\/index.php?rest_route=%2Fwp%2Fv2%2Fmedia&parent=40920"}],"wp:term":[{"taxonomy":"product_brand","embeddable":true,"href":"https:\/\/www.deporteseli.com\/index.php?rest_route=%2Fwp%2Fv2%2Fproduct_brand&post=40920"},{"taxonomy":"product_cat","embeddable":true,"href":"https:\/\/www.deporteseli.com\/index.php?rest_route=%2Fwp%2Fv2%2Fproduct_cat&post=40920"},{"taxonomy":"product_tag","embeddable":true,"href":"https:\/\/www.deporteseli.com\/index.php?rest_route=%2Fwp%2Fv2%2Fproduct_tag&post=40920"}],"curies":[{"name":"wp","href":"https:\/\/api.w.org\/{rel}","templated":true}]}}