{"id":40908,"date":"2026-01-27T19:04:06","date_gmt":"2026-01-27T19:04:06","guid":{"rendered":"https:\/\/www.deporteseli.com\/?product=balon-de-futbol-nike-mercurial-fade"},"modified":"2026-01-27T19:04:07","modified_gmt":"2026-01-27T19:04:07","slug":"balon-de-futbol-nike-mercurial-fade","status":"publish","type":"product","link":"https:\/\/www.deporteseli.com\/?product=balon-de-futbol-nike-mercurial-fade","title":{"rendered":"BAL\u00f3N DE F\u00faTBOL NIKE MERCURIAL FADE"},"content":{"rendered":"<p>Detalles  El dise\u00f1o de 12 paneles le permitir\u00e1 volar con precisi\u00f3n, la cubierta cosida a la m\u00e1quina brinda una mayor durabilidad. Fue hecho con una c\u00e1mara de goma reforzada que ayuda a retener el aire y mantener la forma. Los siguientes materiales de esta pelota son los 60% de goma, 15% de poliuretano, 13% de poli\u00e9ster y un 12% de EVA.        No lo pienses m\u00e1s y consigue el tuyo aqu\u00ed, est\u00e1 con env\u00edo gratis.      Estilo FB2983-102  Color Blanco  Recomendado para F\u00fatbol                                                                                                                                                                                                                                                                                                                                                                                                                                                                                                                                                                                                                                                                                                                                                                                                                                                                                                                                                                                                                                        <\/p>\n","protected":false},"excerpt":{"rendered":"<p>BAL\u00f3N DE F\u00faTBOL NIKE MERCURIAL FADE<\/p>\n","protected":false},"featured_media":54749,"template":"","meta":[],"product_brand":[],"product_cat":[347],"product_tag":[37],"class_list":{"0":"post-40908","1":"product","2":"type-product","3":"status-publish","4":"has-post-thumbnail","6":"product_cat-deportes_balones","7":"product_tag-nike","8":"pa_color-unico","9":"pa_talla-169","10":"thunk-woo-product-list","11":"opn-qv-enable","12":"open-woo-hover-","13":"open-single-product-tab-horizontal","14":"open-shadow-","15":"open-shadow-hover-","17":"first","18":"instock","19":"shipping-taxable","20":"purchasable","21":"product-type-variable"},"jetpack_sharing_enabled":true,"_links":{"self":[{"href":"https:\/\/www.deporteseli.com\/index.php?rest_route=\/wp\/v2\/product\/40908","targetHints":{"allow":["GET"]}}],"collection":[{"href":"https:\/\/www.deporteseli.com\/index.php?rest_route=\/wp\/v2\/product"}],"about":[{"href":"https:\/\/www.deporteseli.com\/index.php?rest_route=\/wp\/v2\/types\/product"}],"wp:featuredmedia":[{"embeddable":true,"href":"https:\/\/www.deporteseli.com\/index.php?rest_route=\/wp\/v2\/media\/54749"}],"wp:attachment":[{"href":"https:\/\/www.deporteseli.com\/index.php?rest_route=%2Fwp%2Fv2%2Fmedia&parent=40908"}],"wp:term":[{"taxonomy":"product_brand","embeddable":true,"href":"https:\/\/www.deporteseli.com\/index.php?rest_route=%2Fwp%2Fv2%2Fproduct_brand&post=40908"},{"taxonomy":"product_cat","embeddable":true,"href":"https:\/\/www.deporteseli.com\/index.php?rest_route=%2Fwp%2Fv2%2Fproduct_cat&post=40908"},{"taxonomy":"product_tag","embeddable":true,"href":"https:\/\/www.deporteseli.com\/index.php?rest_route=%2Fwp%2Fv2%2Fproduct_tag&post=40908"}],"curies":[{"name":"wp","href":"https:\/\/api.w.org\/{rel}","templated":true}]}}