{"id":40903,"date":"2026-01-27T19:03:59","date_gmt":"2026-01-27T19:03:59","guid":{"rendered":"https:\/\/www.deporteseli.com\/?product=nike-court-borough-low-recraft-2"},"modified":"2026-01-27T19:04:05","modified_gmt":"2026-01-27T19:04:05","slug":"nike-court-borough-low-recraft-2","status":"publish","type":"product","link":"https:\/\/www.deporteseli.com\/?product=nike-court-borough-low-recraft-2","title":{"rendered":"NIKE COURT BOROUGH LOW RECRAFT"},"content":{"rendered":"<p>Ayuda a los m\u00e1s peque\u00f1os a empezar con buen pie gracias a las Court Borough. Hecha para durar, esta leyenda redise\u00f1ada utiliza una combinaci\u00f3n de materiales reciclados en la parte superior y la suela exterior para conseguir un look cl\u00e1sico renovado. La puntera y el mediopi\u00e9 redise\u00f1ados ofrecen espacio adicional a los pies de los m\u00e1s peque\u00f1os para correr, saltar y jugar m\u00e1s tiempo y con gran comodidad.      Detalles del producto    Cordones el\u00e1sticos  Ranuras flexibles en la suela exterior                                                                                                                                                                                                                                                                                                                                                                                                                                                                                                                                                                                                                                                                                                                                                                                                                                                                                                                                                                                                                                        <\/p>\n","protected":false},"excerpt":{"rendered":"<p>NIKE COURT BOROUGH LOW RECRAFT<\/p>\n","protected":false},"featured_media":54745,"template":"","meta":[],"product_brand":[],"product_cat":[310],"product_tag":[37],"class_list":{"0":"post-40903","1":"product","2":"type-product","3":"status-publish","4":"has-post-thumbnail","6":"product_cat-nino_calzado_casual","7":"product_tag-nike","8":"pa_color-unico","9":"pa_talla-131","10":"pa_talla-133","11":"pa_talla-135","12":"pa_talla-137","13":"thunk-woo-product-list","14":"opn-qv-enable","15":"open-woo-hover-","16":"open-single-product-tab-horizontal","17":"open-shadow-","18":"open-shadow-hover-","20":"first","21":"instock","22":"sale","23":"shipping-taxable","24":"purchasable","25":"product-type-variable"},"jetpack_sharing_enabled":true,"_links":{"self":[{"href":"https:\/\/www.deporteseli.com\/index.php?rest_route=\/wp\/v2\/product\/40903","targetHints":{"allow":["GET"]}}],"collection":[{"href":"https:\/\/www.deporteseli.com\/index.php?rest_route=\/wp\/v2\/product"}],"about":[{"href":"https:\/\/www.deporteseli.com\/index.php?rest_route=\/wp\/v2\/types\/product"}],"wp:featuredmedia":[{"embeddable":true,"href":"https:\/\/www.deporteseli.com\/index.php?rest_route=\/wp\/v2\/media\/54745"}],"wp:attachment":[{"href":"https:\/\/www.deporteseli.com\/index.php?rest_route=%2Fwp%2Fv2%2Fmedia&parent=40903"}],"wp:term":[{"taxonomy":"product_brand","embeddable":true,"href":"https:\/\/www.deporteseli.com\/index.php?rest_route=%2Fwp%2Fv2%2Fproduct_brand&post=40903"},{"taxonomy":"product_cat","embeddable":true,"href":"https:\/\/www.deporteseli.com\/index.php?rest_route=%2Fwp%2Fv2%2Fproduct_cat&post=40903"},{"taxonomy":"product_tag","embeddable":true,"href":"https:\/\/www.deporteseli.com\/index.php?rest_route=%2Fwp%2Fv2%2Fproduct_tag&post=40903"}],"curies":[{"name":"wp","href":"https:\/\/api.w.org\/{rel}","templated":true}]}}