{"id":40891,"date":"2026-01-27T19:03:41","date_gmt":"2026-01-27T19:03:41","guid":{"rendered":"https:\/\/www.deporteseli.com\/?product=nike-flex-experience-12"},"modified":"2026-01-27T19:03:44","modified_gmt":"2026-01-27T19:03:44","slug":"nike-flex-experience-12","status":"publish","type":"product","link":"https:\/\/www.deporteseli.com\/?product=nike-flex-experience-12","title":{"rendered":"NIKE FLEX EXPERIENCE 12"},"content":{"rendered":"<p>Nike Flex Experience 12 zapatillas de running &#8211; SP24    Mantente firme y sigue progresando hacia tus objetivos de carrera con las Flex Experience 12. M\u00e1gicamente minimalista y con una amplitud de movimiento total desde el tal\u00f3n hasta la punta del pie, est\u00e1 hecha para moverse con cada zancada, ritmo y patada cuando encuentres tu velocidad.                                                                                                                                                                                                                                                                                                                                                                                                                                                                                                                                                                                                                                                                                                                                                                                                                                                                                                                                                                                                                                        <\/p>\n","protected":false},"excerpt":{"rendered":"<p>NIKE FLEX EXPERIENCE 12<\/p>\n","protected":false},"featured_media":54737,"template":"","meta":[],"product_brand":[],"product_cat":[259],"product_tag":[37],"class_list":{"0":"post-40891","1":"product","2":"type-product","3":"status-publish","4":"has-post-thumbnail","6":"product_cat-hombre_calzado_running","7":"product_tag-nike","8":"pa_color-unico","9":"pa_talla-151","10":"pa_talla-159","11":"thunk-woo-product-list","12":"opn-qv-enable","13":"open-woo-hover-","14":"open-single-product-tab-horizontal","15":"open-shadow-","16":"open-shadow-hover-","18":"first","19":"instock","20":"sale","21":"shipping-taxable","22":"purchasable","23":"product-type-variable"},"jetpack_sharing_enabled":true,"_links":{"self":[{"href":"https:\/\/www.deporteseli.com\/index.php?rest_route=\/wp\/v2\/product\/40891","targetHints":{"allow":["GET"]}}],"collection":[{"href":"https:\/\/www.deporteseli.com\/index.php?rest_route=\/wp\/v2\/product"}],"about":[{"href":"https:\/\/www.deporteseli.com\/index.php?rest_route=\/wp\/v2\/types\/product"}],"wp:featuredmedia":[{"embeddable":true,"href":"https:\/\/www.deporteseli.com\/index.php?rest_route=\/wp\/v2\/media\/54737"}],"wp:attachment":[{"href":"https:\/\/www.deporteseli.com\/index.php?rest_route=%2Fwp%2Fv2%2Fmedia&parent=40891"}],"wp:term":[{"taxonomy":"product_brand","embeddable":true,"href":"https:\/\/www.deporteseli.com\/index.php?rest_route=%2Fwp%2Fv2%2Fproduct_brand&post=40891"},{"taxonomy":"product_cat","embeddable":true,"href":"https:\/\/www.deporteseli.com\/index.php?rest_route=%2Fwp%2Fv2%2Fproduct_cat&post=40891"},{"taxonomy":"product_tag","embeddable":true,"href":"https:\/\/www.deporteseli.com\/index.php?rest_route=%2Fwp%2Fv2%2Fproduct_tag&post=40891"}],"curies":[{"name":"wp","href":"https:\/\/api.w.org\/{rel}","templated":true}]}}