{"id":40838,"date":"2026-01-27T19:02:27","date_gmt":"2026-01-27T19:02:27","guid":{"rendered":"https:\/\/www.deporteseli.com\/?product=camiseta-tabela"},"modified":"2026-03-07T05:46:32","modified_gmt":"2026-03-07T05:46:32","slug":"camiseta-tabela","status":"publish","type":"product","link":"https:\/\/www.deporteseli.com\/?product=camiseta-tabela","title":{"rendered":"CAMISETA TABELA"},"content":{"rendered":"<p>EL VALOR DE LA SENCILLEZ  A veces, la sencillez es la clave del \u00e9xito, tanto dentro como fuera del terreno de juego. Esta camiseta adidas rinde homenaje a esa filosof\u00eda con las cl\u00e1sicas 3 bandas a cada lado. El tejido transpirable AEROREADY y las mangas de malla favorecen la ventilaci\u00f3n y mantienen la piel seca durante todo el partido.    Este producto se ha fabricado con un 100% de material reciclado. Su objetivo es plantear otra soluci\u00f3n m\u00e1s que ayude a eliminar los residuos pl\u00e1sticos.  Corte entallado  Cuello redondo  Interlock 100% poli\u00e9ster reciclado  AEROREADY  Mangas de malla  Color del art\u00edculo: Team Navy Blue 2 \/ White  N\u00famero de art\u00edculo: H44527                                                                                                                                                                                                                                                                                                                                                                                                                                                                                                                                                                                                                                                                                                                                                                                                                                                                                                                                                                                                                                        <\/p>\n","protected":false},"excerpt":{"rendered":"<p>CAMISETA TABELA<\/p>\n","protected":false},"featured_media":54706,"template":"","meta":[],"product_brand":[],"product_cat":[245],"product_tag":[18],"class_list":{"0":"post-40838","1":"product","2":"type-product","3":"status-publish","4":"has-post-thumbnail","6":"product_cat-hombre_textil_camisetas","7":"product_tag-adidas","8":"pa_color-unico","9":"pa_talla-l","10":"pa_talla-m","11":"pa_talla-s","12":"pa_talla-xl","13":"pa_talla-xxl","14":"pa_talla-xxxl","15":"thunk-woo-product-list","16":"opn-qv-enable","17":"open-woo-hover-","18":"open-single-product-tab-horizontal","19":"open-shadow-","20":"open-shadow-hover-","22":"first","23":"instock","24":"shipping-taxable","25":"purchasable","26":"product-type-variable"},"jetpack_sharing_enabled":true,"_links":{"self":[{"href":"https:\/\/www.deporteseli.com\/index.php?rest_route=\/wp\/v2\/product\/40838","targetHints":{"allow":["GET"]}}],"collection":[{"href":"https:\/\/www.deporteseli.com\/index.php?rest_route=\/wp\/v2\/product"}],"about":[{"href":"https:\/\/www.deporteseli.com\/index.php?rest_route=\/wp\/v2\/types\/product"}],"wp:featuredmedia":[{"embeddable":true,"href":"https:\/\/www.deporteseli.com\/index.php?rest_route=\/wp\/v2\/media\/54706"}],"wp:attachment":[{"href":"https:\/\/www.deporteseli.com\/index.php?rest_route=%2Fwp%2Fv2%2Fmedia&parent=40838"}],"wp:term":[{"taxonomy":"product_brand","embeddable":true,"href":"https:\/\/www.deporteseli.com\/index.php?rest_route=%2Fwp%2Fv2%2Fproduct_brand&post=40838"},{"taxonomy":"product_cat","embeddable":true,"href":"https:\/\/www.deporteseli.com\/index.php?rest_route=%2Fwp%2Fv2%2Fproduct_cat&post=40838"},{"taxonomy":"product_tag","embeddable":true,"href":"https:\/\/www.deporteseli.com\/index.php?rest_route=%2Fwp%2Fv2%2Fproduct_tag&post=40838"}],"curies":[{"name":"wp","href":"https:\/\/api.w.org\/{rel}","templated":true}]}}