{"id":40833,"date":"2026-01-27T19:02:20","date_gmt":"2026-01-27T19:02:20","guid":{"rendered":"https:\/\/www.deporteseli.com\/?product=adidas-graphic-tank-top"},"modified":"2026-03-07T05:46:24","modified_gmt":"2026-03-07T05:46:24","slug":"adidas-graphic-tank-top","status":"publish","type":"product","link":"https:\/\/www.deporteseli.com\/?product=adidas-graphic-tank-top","title":{"rendered":"ADIDAS GRAPHIC TANK TOP"},"content":{"rendered":"<p>Detalles:    Tejido suave  Cuello redondo con cinta interna  Retro con recorte a la americana para mayor libertad de movimiento  Logo adidas estampado  Ajuste regular  Tejido: 70% algod\u00f3n, 30% poli\u00e9ster reciclado  AEROREADY  La tecnolog\u00eda AEROREADY permite que la piel permanezca fresca y seca mientras el sudor se evapora en la superficie de la prenda.                                                                                                                                                                                                                                                                                                                                                                                                                                                                                                                                                                                                                                                                                                                                                                                                                                                                                                                                                                                                                                        <\/p>\n","protected":false},"excerpt":{"rendered":"<p>ADIDAS GRAPHIC TANK TOP<\/p>\n","protected":false},"featured_media":54700,"template":"","meta":[],"product_brand":[],"product_cat":[364],"product_tag":[18],"class_list":{"0":"post-40833","1":"product","2":"type-product","3":"status-publish","4":"has-post-thumbnail","6":"product_cat-padel_y_tenis_textil_camisas","7":"product_tag-adidas","8":"pa_color-unico","9":"pa_talla-m","10":"thunk-woo-product-list","11":"opn-qv-enable","12":"open-woo-hover-","13":"open-single-product-tab-horizontal","14":"open-shadow-","15":"open-shadow-hover-","17":"first","18":"instock","19":"shipping-taxable","20":"purchasable","21":"product-type-variable"},"jetpack_sharing_enabled":true,"_links":{"self":[{"href":"https:\/\/www.deporteseli.com\/index.php?rest_route=\/wp\/v2\/product\/40833","targetHints":{"allow":["GET"]}}],"collection":[{"href":"https:\/\/www.deporteseli.com\/index.php?rest_route=\/wp\/v2\/product"}],"about":[{"href":"https:\/\/www.deporteseli.com\/index.php?rest_route=\/wp\/v2\/types\/product"}],"wp:featuredmedia":[{"embeddable":true,"href":"https:\/\/www.deporteseli.com\/index.php?rest_route=\/wp\/v2\/media\/54700"}],"wp:attachment":[{"href":"https:\/\/www.deporteseli.com\/index.php?rest_route=%2Fwp%2Fv2%2Fmedia&parent=40833"}],"wp:term":[{"taxonomy":"product_brand","embeddable":true,"href":"https:\/\/www.deporteseli.com\/index.php?rest_route=%2Fwp%2Fv2%2Fproduct_brand&post=40833"},{"taxonomy":"product_cat","embeddable":true,"href":"https:\/\/www.deporteseli.com\/index.php?rest_route=%2Fwp%2Fv2%2Fproduct_cat&post=40833"},{"taxonomy":"product_tag","embeddable":true,"href":"https:\/\/www.deporteseli.com\/index.php?rest_route=%2Fwp%2Fv2%2Fproduct_tag&post=40833"}],"curies":[{"name":"wp","href":"https:\/\/api.w.org\/{rel}","templated":true}]}}