{"id":40820,"date":"2026-01-27T19:01:56","date_gmt":"2026-01-27T19:01:56","guid":{"rendered":"https:\/\/www.deporteseli.com\/?product=zapatillas-defiant-speed-w-clay"},"modified":"2026-04-08T09:44:32","modified_gmt":"2026-04-08T09:44:32","slug":"zapatillas-defiant-speed-w-clay","status":"publish","type":"product","link":"https:\/\/www.deporteseli.com\/?product=zapatillas-defiant-speed-w-clay","title":{"rendered":"ZAPATILLAS DEFIANT SPEED W CLAY"},"content":{"rendered":"<p>\u00bfQu\u00e9 sentido tiene ponerte objetivos si no puedes alcanzarlos r\u00e1pidamente? Dise\u00f1ada para los jugadores con ansias de triunfar. Esta zapatilla de tenis adidas presenta una parte superior de malla ligera y una suela Adiwear optimizada para tierra batida. El refuerzo en la zona del mediopi\u00e9 te permite reaccionar con rapidez a los golpes a contrapi\u00e9 de tus rivales. La mediasuela flexible Bounce brinda comodidad en los esprints y movimientos laterales. La parte superior contiene al menos un 50% de materiales reciclados. Su objetivo es plantear otra soluci\u00f3n m\u00e1s que ayude a eliminar los residuos pl\u00e1sticos.                                                                                                                                                                                                                                                                                                                                                                                                                                                                                                                                                                                                                                                                                                                                                                                                                                                                                                                                                                                                                                        <\/p>\n","protected":false},"excerpt":{"rendered":"<p>ZAPATILLAS DEFIANT SPEED W CLAY<\/p>\n","protected":false},"featured_media":54672,"template":"","meta":[],"product_brand":[],"product_cat":[371],"product_tag":[18],"class_list":{"0":"post-40820","1":"product","2":"type-product","3":"status-publish","4":"has-post-thumbnail","6":"product_cat-padel_y_tenis_calzado","7":"product_tag-adidas","8":"pa_color-unico","9":"pa_talla-37-5","10":"thunk-woo-product-list","11":"opn-qv-enable","12":"open-woo-hover-","13":"open-single-product-tab-horizontal","14":"open-shadow-","15":"open-shadow-hover-","17":"first","18":"instock","19":"sale","20":"shipping-taxable","21":"purchasable","22":"product-type-variable"},"jetpack_sharing_enabled":true,"_links":{"self":[{"href":"https:\/\/www.deporteseli.com\/index.php?rest_route=\/wp\/v2\/product\/40820","targetHints":{"allow":["GET"]}}],"collection":[{"href":"https:\/\/www.deporteseli.com\/index.php?rest_route=\/wp\/v2\/product"}],"about":[{"href":"https:\/\/www.deporteseli.com\/index.php?rest_route=\/wp\/v2\/types\/product"}],"wp:featuredmedia":[{"embeddable":true,"href":"https:\/\/www.deporteseli.com\/index.php?rest_route=\/wp\/v2\/media\/54672"}],"wp:attachment":[{"href":"https:\/\/www.deporteseli.com\/index.php?rest_route=%2Fwp%2Fv2%2Fmedia&parent=40820"}],"wp:term":[{"taxonomy":"product_brand","embeddable":true,"href":"https:\/\/www.deporteseli.com\/index.php?rest_route=%2Fwp%2Fv2%2Fproduct_brand&post=40820"},{"taxonomy":"product_cat","embeddable":true,"href":"https:\/\/www.deporteseli.com\/index.php?rest_route=%2Fwp%2Fv2%2Fproduct_cat&post=40820"},{"taxonomy":"product_tag","embeddable":true,"href":"https:\/\/www.deporteseli.com\/index.php?rest_route=%2Fwp%2Fv2%2Fproduct_tag&post=40820"}],"curies":[{"name":"wp","href":"https:\/\/api.w.org\/{rel}","templated":true}]}}