{"id":40816,"date":"2026-01-27T19:01:51","date_gmt":"2026-01-27T19:01:51","guid":{"rendered":"https:\/\/www.deporteseli.com\/?product=zapatillas-barricade-k"},"modified":"2026-01-27T19:01:55","modified_gmt":"2026-01-27T19:01:55","slug":"zapatillas-barricade-k","status":"publish","type":"product","link":"https:\/\/www.deporteseli.com\/?product=zapatillas-barricade-k","title":{"rendered":"ZAPATILLAS BARRICADE K"},"content":{"rendered":"<p>Lleva tu juego al siguiente nivel. Estas zapatillas unisex para ni\u00f1os est\u00e1n hechas para tenis de alto rendimiento, p\u00e1del de alto rendimiento y pickleball de alto rendimiento. Equipados con un dise\u00f1o de corte bajo, brindan una gran estabilidad y permiten la m\u00e1xima libertad de movimiento en la cancha. Tienen un excelente agarre y amortiguaci\u00f3n para ayudarte a mantenerte \u00e1gil y c\u00f3modo incluso en los partidos m\u00e1s duros.                                                                                                                                                                                                                                                                                                                                                                                                                                                                                                                                                                                                                                                                                                                                                                                                                                                                                                                                                                                                                                        <\/p>\n","protected":false},"excerpt":{"rendered":"<p>ZAPATILLAS BARRICADE K<\/p>\n","protected":false},"featured_media":54667,"template":"","meta":[],"product_brand":[],"product_cat":[371],"product_tag":[18],"class_list":{"0":"post-40816","1":"product","2":"type-product","3":"status-publish","4":"has-post-thumbnail","6":"product_cat-padel_y_tenis_calzado","7":"product_tag-adidas","8":"pa_color-unico","9":"pa_talla-135","10":"pa_talla-139","11":"pa_talla-141","12":"thunk-woo-product-list","13":"opn-qv-enable","14":"open-woo-hover-","15":"open-single-product-tab-horizontal","16":"open-shadow-","17":"open-shadow-hover-","19":"first","20":"instock","21":"sale","22":"shipping-taxable","23":"purchasable","24":"product-type-variable"},"jetpack_sharing_enabled":true,"_links":{"self":[{"href":"https:\/\/www.deporteseli.com\/index.php?rest_route=\/wp\/v2\/product\/40816","targetHints":{"allow":["GET"]}}],"collection":[{"href":"https:\/\/www.deporteseli.com\/index.php?rest_route=\/wp\/v2\/product"}],"about":[{"href":"https:\/\/www.deporteseli.com\/index.php?rest_route=\/wp\/v2\/types\/product"}],"wp:featuredmedia":[{"embeddable":true,"href":"https:\/\/www.deporteseli.com\/index.php?rest_route=\/wp\/v2\/media\/54667"}],"wp:attachment":[{"href":"https:\/\/www.deporteseli.com\/index.php?rest_route=%2Fwp%2Fv2%2Fmedia&parent=40816"}],"wp:term":[{"taxonomy":"product_brand","embeddable":true,"href":"https:\/\/www.deporteseli.com\/index.php?rest_route=%2Fwp%2Fv2%2Fproduct_brand&post=40816"},{"taxonomy":"product_cat","embeddable":true,"href":"https:\/\/www.deporteseli.com\/index.php?rest_route=%2Fwp%2Fv2%2Fproduct_cat&post=40816"},{"taxonomy":"product_tag","embeddable":true,"href":"https:\/\/www.deporteseli.com\/index.php?rest_route=%2Fwp%2Fv2%2Fproduct_tag&post=40816"}],"curies":[{"name":"wp","href":"https:\/\/api.w.org\/{rel}","templated":true}]}}