{"id":40811,"date":"2026-01-27T19:01:43","date_gmt":"2026-01-27T19:01:43","guid":{"rendered":"https:\/\/www.deporteseli.com\/?product=zapatillas-courtjam-control-m-clay"},"modified":"2026-04-22T04:17:47","modified_gmt":"2026-04-22T04:17:47","slug":"zapatillas-courtjam-control-m-clay","status":"publish","type":"product","link":"https:\/\/www.deporteseli.com\/?product=zapatillas-courtjam-control-m-clay","title":{"rendered":"ZAPATILLAS COURTJAM CONTROL M CLAY"},"content":{"rendered":"<p>Prep\u00e1rate para dominar la cancha. Estas zapatillas de tenis para hombre cuentan con un dise\u00f1o de corte bajo que te da libertad de movimiento, mientras que la suela exterior Adiwear 6 proporciona la m\u00e1xima durabilidad y tracci\u00f3n. Una parte superior de malla transpirable ayuda a mantener los pies frescos durante los rallies intensos. Golpea cada tiro con confianza con estas zapatillas de tenis de nivel profesional.                                                                                                                                                                                                                                                                                                                                                                                                                                                                                                                                                                                                                                                                                                                                                                                                                                                                                                                                                                                                                                        <\/p>\n","protected":false},"excerpt":{"rendered":"<p>ZAPATILLAS COURTJAM CONTROL M CLAY<\/p>\n","protected":false},"featured_media":54662,"template":"","meta":[],"product_brand":[],"product_cat":[371],"product_tag":[18],"class_list":{"0":"post-40811","1":"product","2":"type-product","3":"status-publish","4":"has-post-thumbnail","6":"product_cat-padel_y_tenis_calzado","7":"product_tag-adidas","8":"pa_color-unico","9":"pa_talla-41-5","10":"pa_talla-153","11":"pa_talla-42-5","12":"pa_talla-43-5","13":"pa_talla-157","14":"pa_talla-44-5","15":"pa_talla-45-5","16":"pa_talla-161","17":"thunk-woo-product-list","18":"opn-qv-enable","19":"open-woo-hover-","20":"open-single-product-tab-horizontal","21":"open-shadow-","22":"open-shadow-hover-","24":"first","25":"instock","26":"sale","27":"shipping-taxable","28":"purchasable","29":"product-type-variable"},"jetpack_sharing_enabled":true,"_links":{"self":[{"href":"https:\/\/www.deporteseli.com\/index.php?rest_route=\/wp\/v2\/product\/40811","targetHints":{"allow":["GET"]}}],"collection":[{"href":"https:\/\/www.deporteseli.com\/index.php?rest_route=\/wp\/v2\/product"}],"about":[{"href":"https:\/\/www.deporteseli.com\/index.php?rest_route=\/wp\/v2\/types\/product"}],"wp:featuredmedia":[{"embeddable":true,"href":"https:\/\/www.deporteseli.com\/index.php?rest_route=\/wp\/v2\/media\/54662"}],"wp:attachment":[{"href":"https:\/\/www.deporteseli.com\/index.php?rest_route=%2Fwp%2Fv2%2Fmedia&parent=40811"}],"wp:term":[{"taxonomy":"product_brand","embeddable":true,"href":"https:\/\/www.deporteseli.com\/index.php?rest_route=%2Fwp%2Fv2%2Fproduct_brand&post=40811"},{"taxonomy":"product_cat","embeddable":true,"href":"https:\/\/www.deporteseli.com\/index.php?rest_route=%2Fwp%2Fv2%2Fproduct_cat&post=40811"},{"taxonomy":"product_tag","embeddable":true,"href":"https:\/\/www.deporteseli.com\/index.php?rest_route=%2Fwp%2Fv2%2Fproduct_tag&post=40811"}],"curies":[{"name":"wp","href":"https:\/\/api.w.org\/{rel}","templated":true}]}}