{"id":40808,"date":"2026-01-27T19:01:39","date_gmt":"2026-01-27T19:01:39","guid":{"rendered":"https:\/\/www.deporteseli.com\/?product=zapatillas-gamecourt-2-m"},"modified":"2026-01-27T19:01:42","modified_gmt":"2026-01-27T19:01:42","slug":"zapatillas-gamecourt-2-m","status":"publish","type":"product","link":"https:\/\/www.deporteseli.com\/?product=zapatillas-gamecourt-2-m","title":{"rendered":"ZAPATILLAS GAMECOURT 2 M"},"content":{"rendered":"<p>No pierdas ni un gramo de confianza. La parte superior de malla ligera y el tal\u00f3n acolchado de la zapatilla adidas Gamecourt 2.0 la convierten en la compa\u00f1era perfecta en la pista de tenis. La mediasuela de EVA te permite cubrir con comodidad todos los \u00e1ngulos. La suela Adiwear garantiza una excelente tracci\u00f3n y resistencia al desgaste en los cambios de direcci\u00f3n en pistas duras.                                                                                                                                                                                                                                                                                                                                                                                                                                                                                                                                                                                                                                                                                                                                                                                                                                                                                                                                                                                                                                        <\/p>\n","protected":false},"excerpt":{"rendered":"<p>ZAPATILLAS GAMECOURT 2 M<\/p>\n","protected":false},"featured_media":54657,"template":"","meta":[],"product_brand":[],"product_cat":[371],"product_tag":[18],"class_list":{"0":"post-40808","1":"product","2":"type-product","3":"status-publish","4":"has-post-thumbnail","6":"product_cat-padel_y_tenis_calzado","7":"product_tag-adidas","8":"pa_color-unico","9":"pa_talla-153","10":"pa_talla-43-5","11":"thunk-woo-product-list","12":"opn-qv-enable","13":"open-woo-hover-","14":"open-single-product-tab-horizontal","15":"open-shadow-","16":"open-shadow-hover-","18":"first","19":"instock","20":"sale","21":"shipping-taxable","22":"purchasable","23":"product-type-variable"},"jetpack_sharing_enabled":true,"_links":{"self":[{"href":"https:\/\/www.deporteseli.com\/index.php?rest_route=\/wp\/v2\/product\/40808","targetHints":{"allow":["GET"]}}],"collection":[{"href":"https:\/\/www.deporteseli.com\/index.php?rest_route=\/wp\/v2\/product"}],"about":[{"href":"https:\/\/www.deporteseli.com\/index.php?rest_route=\/wp\/v2\/types\/product"}],"wp:featuredmedia":[{"embeddable":true,"href":"https:\/\/www.deporteseli.com\/index.php?rest_route=\/wp\/v2\/media\/54657"}],"wp:attachment":[{"href":"https:\/\/www.deporteseli.com\/index.php?rest_route=%2Fwp%2Fv2%2Fmedia&parent=40808"}],"wp:term":[{"taxonomy":"product_brand","embeddable":true,"href":"https:\/\/www.deporteseli.com\/index.php?rest_route=%2Fwp%2Fv2%2Fproduct_brand&post=40808"},{"taxonomy":"product_cat","embeddable":true,"href":"https:\/\/www.deporteseli.com\/index.php?rest_route=%2Fwp%2Fv2%2Fproduct_cat&post=40808"},{"taxonomy":"product_tag","embeddable":true,"href":"https:\/\/www.deporteseli.com\/index.php?rest_route=%2Fwp%2Fv2%2Fproduct_tag&post=40808"}],"curies":[{"name":"wp","href":"https:\/\/api.w.org\/{rel}","templated":true}]}}