{"id":40803,"date":"2026-01-27T19:01:33","date_gmt":"2026-01-27T19:01:33","guid":{"rendered":"https:\/\/www.deporteseli.com\/?product=conjunto-puma"},"modified":"2026-03-07T05:46:09","modified_gmt":"2026-03-07T05:46:09","slug":"conjunto-puma","status":"publish","type":"product","link":"https:\/\/www.deporteseli.com\/?product=conjunto-puma","title":{"rendered":"CONJUNTO PUMA"},"content":{"rendered":"<p>Conjunto corto con logo azul y gris para beb\u00e9 ni\u00f1o y ni\u00f1o m\u00e1s peque\u00f1o de Puma. Confeccionado en suave algod\u00f3n, este conjunto consta de una camiseta azul con el logo engomado y el ic\u00f3nico estampado de gatos en blanco y negro. Cierre con botones autom\u00e1ticos en un hombro. A juego con los pantalones cortos grises y tiene el logo engomado y el ic\u00f3nico estampado de gato en negro en una pierna. Acabado con cintura el\u00e1stica y cord\u00f3n para un ajuste c\u00f3modo.  80% Algod\u00f3n, 20% Poli\u00e9ster                                                                                                                                                                                                                                                                                                                                                                                                                                                                                                                                                                                                                                                                                                                                                                                                                                                                                                                                                                                                                                        <\/p>\n","protected":false},"excerpt":{"rendered":"<p>CONJUNTO PUMA<\/p>\n","protected":false},"featured_media":54656,"template":"","meta":[],"product_brand":[],"product_cat":[379],"product_tag":[32],"class_list":{"0":"post-40803","1":"product","2":"type-product","3":"status-publish","4":"has-post-thumbnail","6":"product_cat-ninas_textil_conjuntos","7":"product_tag-puma","8":"pa_color-unico","9":"pa_talla-18-meses","10":"pa_talla-103","11":"pa_talla-167","12":"pa_talla-168","13":"thunk-woo-product-list","14":"opn-qv-enable","15":"open-woo-hover-","16":"open-single-product-tab-horizontal","17":"open-shadow-","18":"open-shadow-hover-","20":"first","21":"instock","22":"shipping-taxable","23":"purchasable","24":"product-type-variable"},"jetpack_sharing_enabled":true,"_links":{"self":[{"href":"https:\/\/www.deporteseli.com\/index.php?rest_route=\/wp\/v2\/product\/40803","targetHints":{"allow":["GET"]}}],"collection":[{"href":"https:\/\/www.deporteseli.com\/index.php?rest_route=\/wp\/v2\/product"}],"about":[{"href":"https:\/\/www.deporteseli.com\/index.php?rest_route=\/wp\/v2\/types\/product"}],"wp:featuredmedia":[{"embeddable":true,"href":"https:\/\/www.deporteseli.com\/index.php?rest_route=\/wp\/v2\/media\/54656"}],"wp:attachment":[{"href":"https:\/\/www.deporteseli.com\/index.php?rest_route=%2Fwp%2Fv2%2Fmedia&parent=40803"}],"wp:term":[{"taxonomy":"product_brand","embeddable":true,"href":"https:\/\/www.deporteseli.com\/index.php?rest_route=%2Fwp%2Fv2%2Fproduct_brand&post=40803"},{"taxonomy":"product_cat","embeddable":true,"href":"https:\/\/www.deporteseli.com\/index.php?rest_route=%2Fwp%2Fv2%2Fproduct_cat&post=40803"},{"taxonomy":"product_tag","embeddable":true,"href":"https:\/\/www.deporteseli.com\/index.php?rest_route=%2Fwp%2Fv2%2Fproduct_tag&post=40803"}],"curies":[{"name":"wp","href":"https:\/\/api.w.org\/{rel}","templated":true}]}}