{"id":40801,"date":"2026-01-27T19:01:30","date_gmt":"2026-01-27T19:01:30","guid":{"rendered":"https:\/\/www.deporteseli.com\/?product=puma-puma-power-camiseta-grafica"},"modified":"2026-03-07T05:46:03","modified_gmt":"2026-03-07T05:46:03","slug":"puma-puma-power-camiseta-grafica","status":"publish","type":"product","link":"https:\/\/www.deporteseli.com\/?product=puma-puma-power-camiseta-grafica","title":{"rendered":"PUMA PUMA POWER CAMISETA GR\u00e1FICA"},"content":{"rendered":"<p>Hemos agregado una dosis de vanguardia a nuestras siluetas deportivas tradicionales en nuestra colecci\u00f3n PUMA POWER. Libera todo tu poder con esta camiseta, que tiene nuestro ajuste atl\u00e9tico est\u00e1ndar y algunos detalles geniales en bloques de colores con un gr\u00e1fico PUMA.    Ajuste regular 160 g\/m\u00b2, Jersey Cuello redondo Mangas cortas Longitud regular  Material exterior: 100% algod\u00f3n  Canal\u00e9: 80% Algod\u00f3n, 20% Poli\u00e9ster                                                                                                                                                                                                                                                                                                                                                                                                                                                                                                                                                                                                                                                                                                                                                                                                                                                                                                                                                                                                                                        <\/p>\n","protected":false},"excerpt":{"rendered":"<p>PUMA PUMA POWER CAMISETA GR\u00e1FICA<\/p>\n","protected":false},"featured_media":54655,"template":"","meta":[],"product_brand":[],"product_cat":[245],"product_tag":[32],"class_list":{"0":"post-40801","1":"product","2":"type-product","3":"status-publish","4":"has-post-thumbnail","6":"product_cat-hombre_textil_camisetas","7":"product_tag-puma","8":"pa_color-unico","9":"pa_talla-m","10":"thunk-woo-product-list","11":"opn-qv-enable","12":"open-woo-hover-","13":"open-single-product-tab-horizontal","14":"open-shadow-","15":"open-shadow-hover-","17":"first","18":"instock","19":"shipping-taxable","20":"purchasable","21":"product-type-variable"},"jetpack_sharing_enabled":true,"_links":{"self":[{"href":"https:\/\/www.deporteseli.com\/index.php?rest_route=\/wp\/v2\/product\/40801","targetHints":{"allow":["GET"]}}],"collection":[{"href":"https:\/\/www.deporteseli.com\/index.php?rest_route=\/wp\/v2\/product"}],"about":[{"href":"https:\/\/www.deporteseli.com\/index.php?rest_route=\/wp\/v2\/types\/product"}],"wp:featuredmedia":[{"embeddable":true,"href":"https:\/\/www.deporteseli.com\/index.php?rest_route=\/wp\/v2\/media\/54655"}],"wp:attachment":[{"href":"https:\/\/www.deporteseli.com\/index.php?rest_route=%2Fwp%2Fv2%2Fmedia&parent=40801"}],"wp:term":[{"taxonomy":"product_brand","embeddable":true,"href":"https:\/\/www.deporteseli.com\/index.php?rest_route=%2Fwp%2Fv2%2Fproduct_brand&post=40801"},{"taxonomy":"product_cat","embeddable":true,"href":"https:\/\/www.deporteseli.com\/index.php?rest_route=%2Fwp%2Fv2%2Fproduct_cat&post=40801"},{"taxonomy":"product_tag","embeddable":true,"href":"https:\/\/www.deporteseli.com\/index.php?rest_route=%2Fwp%2Fv2%2Fproduct_tag&post=40801"}],"curies":[{"name":"wp","href":"https:\/\/api.w.org\/{rel}","templated":true}]}}