{"id":40798,"date":"2026-01-27T19:01:26","date_gmt":"2026-01-27T19:01:26","guid":{"rendered":"https:\/\/www.deporteseli.com\/?product=pantalones-cortos-puma-essentials-slim"},"modified":"2026-03-07T05:46:00","modified_gmt":"2026-03-07T05:46:00","slug":"pantalones-cortos-puma-essentials-slim","status":"publish","type":"product","link":"https:\/\/www.deporteseli.com\/?product=pantalones-cortos-puma-essentials-slim","title":{"rendered":"PANTALONES CORTOS PUMA ESSENTIALS SLIM"},"content":{"rendered":"<p>Descripci\u00f3n  Mant\u00e9n el dinamismo con los pantalones cortos Puma Essentials. Su confecci\u00f3n en algod\u00f3n te proporcionan sensaciones agradables durante todo el d\u00eda. As\u00ed la comodidad formar\u00e1 parte de tu d\u00eda. En los laterales se encuentran bolsillos verticales para que lleves contigo lo que necesites. Su cintura el\u00e1stica se acomoda al cuerpo de forma c\u00f3moda y evita molestias. Adem\u00e1s, son muy f\u00e1ciles de poner y quitar.    Caracter\u00edsticas  Pantalones cortos  Bolsillos laterales  Logo Puma en la parte inferior  Cintura el\u00e1stica  Color del art\u00edculo: Negro                                                                                                                                                                                                                                                                                                                                                                                                                                                                                                                                                                                                                                                                                                                                                                                                                                                                                                                                                                                                                                        <\/p>\n","protected":false},"excerpt":{"rendered":"<p>PANTALONES CORTOS PUMA ESSENTIALS SLIM<\/p>\n","protected":false},"featured_media":54654,"template":"","meta":[],"product_brand":[],"product_cat":[250],"product_tag":[32],"class_list":{"0":"post-40798","1":"product","2":"type-product","3":"status-publish","4":"has-post-thumbnail","6":"product_cat-hombre_textil_bermudas","7":"product_tag-puma","8":"pa_color-unico","9":"pa_talla-l","10":"pa_talla-xl","11":"thunk-woo-product-list","12":"opn-qv-enable","13":"open-woo-hover-","14":"open-single-product-tab-horizontal","15":"open-shadow-","16":"open-shadow-hover-","18":"first","19":"instock","20":"shipping-taxable","21":"purchasable","22":"product-type-variable"},"jetpack_sharing_enabled":true,"_links":{"self":[{"href":"https:\/\/www.deporteseli.com\/index.php?rest_route=\/wp\/v2\/product\/40798","targetHints":{"allow":["GET"]}}],"collection":[{"href":"https:\/\/www.deporteseli.com\/index.php?rest_route=\/wp\/v2\/product"}],"about":[{"href":"https:\/\/www.deporteseli.com\/index.php?rest_route=\/wp\/v2\/types\/product"}],"wp:featuredmedia":[{"embeddable":true,"href":"https:\/\/www.deporteseli.com\/index.php?rest_route=\/wp\/v2\/media\/54654"}],"wp:attachment":[{"href":"https:\/\/www.deporteseli.com\/index.php?rest_route=%2Fwp%2Fv2%2Fmedia&parent=40798"}],"wp:term":[{"taxonomy":"product_brand","embeddable":true,"href":"https:\/\/www.deporteseli.com\/index.php?rest_route=%2Fwp%2Fv2%2Fproduct_brand&post=40798"},{"taxonomy":"product_cat","embeddable":true,"href":"https:\/\/www.deporteseli.com\/index.php?rest_route=%2Fwp%2Fv2%2Fproduct_cat&post=40798"},{"taxonomy":"product_tag","embeddable":true,"href":"https:\/\/www.deporteseli.com\/index.php?rest_route=%2Fwp%2Fv2%2Fproduct_tag&post=40798"}],"curies":[{"name":"wp","href":"https:\/\/api.w.org\/{rel}","templated":true}]}}