{"id":40796,"date":"2026-01-27T19:01:23","date_gmt":"2026-01-27T19:01:23","guid":{"rendered":"https:\/\/www.deporteseli.com\/?product=pantalon-corto-de-malla-nike-club"},"modified":"2026-03-07T05:45:56","modified_gmt":"2026-03-07T05:45:56","slug":"pantalon-corto-de-malla-nike-club","status":"publish","type":"product","link":"https:\/\/www.deporteseli.com\/?product=pantalon-corto-de-malla-nike-club","title":{"rendered":"PANTAL\u00f3N CORTO DE MALLA NIKE CLUB"},"content":{"rendered":"<p>Descripci\u00f3n  Pantal\u00f3n corto de malla Nike Club  \u00bfBuscas comodidad ligera y transpirable para disfrutar del sol? Reg\u00e1late estos pantalones cortos de nuestra colecci\u00f3n Nike Club. Con un largo por encima de la rodilla y un ajuste relajado en la zona del trasero y los muslos, ofrecen comodidad informal. El logotipo bordado de Nike Futura a\u00f1ade un sutil toque deportivo.                                                                                                                                                                                                                                                                                                                                                                                                                                                                                                                                                                                                                                                                                                                                                                                                                                                                                                                                                                                                                                        <\/p>\n","protected":false},"excerpt":{"rendered":"<p>PANTAL\u00f3N CORTO DE MALLA NIKE CLUB<\/p>\n","protected":false},"featured_media":54653,"template":"","meta":[],"product_brand":[],"product_cat":[250],"product_tag":[37],"class_list":{"0":"post-40796","1":"product","2":"type-product","3":"status-publish","4":"has-post-thumbnail","6":"product_cat-hombre_textil_bermudas","7":"product_tag-nike","8":"pa_color-unico","9":"pa_talla-xl","10":"thunk-woo-product-list","11":"opn-qv-enable","12":"open-woo-hover-","13":"open-single-product-tab-horizontal","14":"open-shadow-","15":"open-shadow-hover-","17":"first","18":"instock","19":"shipping-taxable","20":"purchasable","21":"product-type-variable"},"jetpack_sharing_enabled":true,"_links":{"self":[{"href":"https:\/\/www.deporteseli.com\/index.php?rest_route=\/wp\/v2\/product\/40796","targetHints":{"allow":["GET"]}}],"collection":[{"href":"https:\/\/www.deporteseli.com\/index.php?rest_route=\/wp\/v2\/product"}],"about":[{"href":"https:\/\/www.deporteseli.com\/index.php?rest_route=\/wp\/v2\/types\/product"}],"wp:featuredmedia":[{"embeddable":true,"href":"https:\/\/www.deporteseli.com\/index.php?rest_route=\/wp\/v2\/media\/54653"}],"wp:attachment":[{"href":"https:\/\/www.deporteseli.com\/index.php?rest_route=%2Fwp%2Fv2%2Fmedia&parent=40796"}],"wp:term":[{"taxonomy":"product_brand","embeddable":true,"href":"https:\/\/www.deporteseli.com\/index.php?rest_route=%2Fwp%2Fv2%2Fproduct_brand&post=40796"},{"taxonomy":"product_cat","embeddable":true,"href":"https:\/\/www.deporteseli.com\/index.php?rest_route=%2Fwp%2Fv2%2Fproduct_cat&post=40796"},{"taxonomy":"product_tag","embeddable":true,"href":"https:\/\/www.deporteseli.com\/index.php?rest_route=%2Fwp%2Fv2%2Fproduct_tag&post=40796"}],"curies":[{"name":"wp","href":"https:\/\/api.w.org\/{rel}","templated":true}]}}