{"id":40794,"date":"2026-01-27T19:01:21","date_gmt":"2026-01-27T19:01:21","guid":{"rendered":"https:\/\/www.deporteseli.com\/?product=nike-dri-fit-club-3"},"modified":"2026-01-27T19:01:22","modified_gmt":"2026-01-27T19:01:22","slug":"nike-dri-fit-club-3","status":"publish","type":"product","link":"https:\/\/www.deporteseli.com\/?product=nike-dri-fit-club-3","title":{"rendered":"NIKE DRI-FIT CLUB"},"content":{"rendered":"<p>Mejora el estilo Swoosh con esta gorra Club sin estructura de profundidad media. La visera curva y el logotipo Swoosh met\u00e1lico aportan un look impecable, y el tejido de capilarizaci\u00f3n del sudor mantiene la frescura y la comodidad para disfrutar del buen tiempo.      Ventajas    Gorras Club para ofrecer estilo en el d\u00eda a d\u00eda con profundidad media.  Tecnolog\u00eda Nike Dri-FIT que capilariza el sudor de la piel para mantener la transpirabilidad y la comodidad.  Tejido de sarga para ofrecer suavidad y ligereza.  Cierre met\u00e1lico con el logotipo Swoosh para regular el ajuste con facilidad.    Detalles del producto    100 % poli\u00e9ster  Logotipo Swoosh Ingot metalizado  Cierre met\u00e1lico regulable con logotipo Swoosh en relieve  Lavar a mano  De importaci\u00f3n  Color mostrado: Negro\/Plata metalizado                                                                                                                                                                                                                                                                                                                                                                                                                                                                                                                                                                                                                                                                                                                                                                                                                                                                                                                                                                                                                                        <\/p>\n","protected":false},"excerpt":{"rendered":"<p>NIKE DRI-FIT CLUB<\/p>\n","protected":false},"featured_media":54651,"template":"","meta":[],"product_brand":[],"product_cat":[399],"product_tag":[37],"class_list":{"0":"post-40794","1":"product","2":"type-product","3":"status-publish","4":"has-post-thumbnail","6":"product_cat-accesorios_gorras","7":"product_tag-nike","8":"pa_color-unico","9":"pa_talla-unica","10":"thunk-woo-product-list","11":"opn-qv-enable","12":"open-woo-hover-","13":"open-single-product-tab-horizontal","14":"open-shadow-","15":"open-shadow-hover-","17":"first","18":"instock","19":"shipping-taxable","20":"purchasable","21":"product-type-variable"},"jetpack_sharing_enabled":true,"_links":{"self":[{"href":"https:\/\/www.deporteseli.com\/index.php?rest_route=\/wp\/v2\/product\/40794","targetHints":{"allow":["GET"]}}],"collection":[{"href":"https:\/\/www.deporteseli.com\/index.php?rest_route=\/wp\/v2\/product"}],"about":[{"href":"https:\/\/www.deporteseli.com\/index.php?rest_route=\/wp\/v2\/types\/product"}],"wp:featuredmedia":[{"embeddable":true,"href":"https:\/\/www.deporteseli.com\/index.php?rest_route=\/wp\/v2\/media\/54651"}],"wp:attachment":[{"href":"https:\/\/www.deporteseli.com\/index.php?rest_route=%2Fwp%2Fv2%2Fmedia&parent=40794"}],"wp:term":[{"taxonomy":"product_brand","embeddable":true,"href":"https:\/\/www.deporteseli.com\/index.php?rest_route=%2Fwp%2Fv2%2Fproduct_brand&post=40794"},{"taxonomy":"product_cat","embeddable":true,"href":"https:\/\/www.deporteseli.com\/index.php?rest_route=%2Fwp%2Fv2%2Fproduct_cat&post=40794"},{"taxonomy":"product_tag","embeddable":true,"href":"https:\/\/www.deporteseli.com\/index.php?rest_route=%2Fwp%2Fv2%2Fproduct_tag&post=40794"}],"curies":[{"name":"wp","href":"https:\/\/api.w.org\/{rel}","templated":true}]}}