{"id":40790,"date":"2026-01-27T19:01:15","date_gmt":"2026-01-27T19:01:15","guid":{"rendered":"https:\/\/www.deporteseli.com\/?product=nike-brasilia"},"modified":"2026-01-27T19:01:16","modified_gmt":"2026-01-27T19:01:16","slug":"nike-brasilia","status":"publish","type":"product","link":"https:\/\/www.deporteseli.com\/?product=nike-brasilia","title":{"rendered":"NIKE BRASILIA"},"content":{"rendered":"<p>Almacenamiento r\u00e1pido  Guarda tus zapatillas en esta pr\u00e1ctica y c\u00f3moda bolsa de Nike Brasilia. Presenta compartimentos con cremallera para guardar de manera m\u00e1s segura.    Caracter\u00edsticas:  Asa superior.  Compartimento superior con cremallera.  Bolsillo exterior con cremallera.  Medidas 33 x 15 x 18 cm.                                                                                                                                                                                                                                                                                                                                                                                                                                                                                                                                                                                                                                                                                                                                                                                                                                                                                                                                                                                                                                        <\/p>\n","protected":false},"excerpt":{"rendered":"<p>NIKE BRASILIA<\/p>\n","protected":false},"featured_media":54647,"template":"","meta":[],"product_brand":[],"product_cat":[321],"product_tag":[37],"class_list":{"0":"post-40790","1":"product","2":"type-product","3":"status-publish","4":"has-post-thumbnail","6":"product_cat-deportes_futbol_zapatilleros","7":"product_tag-nike","8":"pa_color-unico","9":"pa_talla-unica","10":"thunk-woo-product-list","11":"opn-qv-enable","12":"open-woo-hover-","13":"open-single-product-tab-horizontal","14":"open-shadow-","15":"open-shadow-hover-","17":"first","18":"instock","19":"shipping-taxable","20":"purchasable","21":"product-type-variable"},"jetpack_sharing_enabled":true,"_links":{"self":[{"href":"https:\/\/www.deporteseli.com\/index.php?rest_route=\/wp\/v2\/product\/40790","targetHints":{"allow":["GET"]}}],"collection":[{"href":"https:\/\/www.deporteseli.com\/index.php?rest_route=\/wp\/v2\/product"}],"about":[{"href":"https:\/\/www.deporteseli.com\/index.php?rest_route=\/wp\/v2\/types\/product"}],"wp:featuredmedia":[{"embeddable":true,"href":"https:\/\/www.deporteseli.com\/index.php?rest_route=\/wp\/v2\/media\/54647"}],"wp:attachment":[{"href":"https:\/\/www.deporteseli.com\/index.php?rest_route=%2Fwp%2Fv2%2Fmedia&parent=40790"}],"wp:term":[{"taxonomy":"product_brand","embeddable":true,"href":"https:\/\/www.deporteseli.com\/index.php?rest_route=%2Fwp%2Fv2%2Fproduct_brand&post=40790"},{"taxonomy":"product_cat","embeddable":true,"href":"https:\/\/www.deporteseli.com\/index.php?rest_route=%2Fwp%2Fv2%2Fproduct_cat&post=40790"},{"taxonomy":"product_tag","embeddable":true,"href":"https:\/\/www.deporteseli.com\/index.php?rest_route=%2Fwp%2Fv2%2Fproduct_tag&post=40790"}],"curies":[{"name":"wp","href":"https:\/\/api.w.org\/{rel}","templated":true}]}}