{"id":40788,"date":"2026-01-27T19:01:12","date_gmt":"2026-01-27T19:01:12","guid":{"rendered":"https:\/\/www.deporteseli.com\/?product=zapatillas-puma-flyer-runner"},"modified":"2026-01-27T19:01:14","modified_gmt":"2026-01-27T19:01:14","slug":"zapatillas-puma-flyer-runner","status":"publish","type":"product","link":"https:\/\/www.deporteseli.com\/?product=zapatillas-puma-flyer-runner","title":{"rendered":"ZAPATILLAS PUMA FLYER RUNNER"},"content":{"rendered":"<p>Estilo y confort para los piececitos de los m\u00e1s peque\u00f1os. El moderno dise\u00f1o del exterior realza el acabado est\u00e9tico de estas zapatillas ligeras con una excelente amortiguaci\u00f3n dise\u00f1adas para el d\u00eda a d\u00eda.  CMEVA: la entresuela de EVA moldeada por compresi\u00f3n de PUMA para conseguir un rendimiento m\u00e1ximo y ligero  SOFTFOAM : la plantilla de doble densidad de PUMA proporciona dos capas \u00fanicas de amortiguaci\u00f3n para una comodidad personalizada, un ajuste y una durabilidad duraderos  DETALLES  Confecci\u00f3n de bot\u00edn  Exterior de malla transpirable  Plantilla acolchada para un confort sin igual  Cierre de velcro y cordones el\u00e1sticos que proporciona un ajuste perfecto  Formstrip de PUMA en el lateral interior y exterior                                                                                                                                                                                                                                                                                                                                                                                                                                                                                                                                                                                                                                                                                                                                                                                                                                                                                                                                                                                                                                        <\/p>\n","protected":false},"excerpt":{"rendered":"<p>ZAPATILLAS PUMA FLYER RUNNER<\/p>\n","protected":false},"featured_media":54644,"template":"","meta":[],"product_brand":[],"product_cat":[308],"product_tag":[32],"class_list":{"0":"post-40788","1":"product","2":"type-product","3":"status-publish","4":"has-post-thumbnail","6":"product_cat-nino_calzado_running","7":"product_tag-puma","8":"pa_color-unico","9":"pa_talla-113","10":"thunk-woo-product-list","11":"opn-qv-enable","12":"open-woo-hover-","13":"open-single-product-tab-horizontal","14":"open-shadow-","15":"open-shadow-hover-","17":"first","18":"instock","19":"sale","20":"shipping-taxable","21":"purchasable","22":"product-type-variable"},"jetpack_sharing_enabled":true,"_links":{"self":[{"href":"https:\/\/www.deporteseli.com\/index.php?rest_route=\/wp\/v2\/product\/40788","targetHints":{"allow":["GET"]}}],"collection":[{"href":"https:\/\/www.deporteseli.com\/index.php?rest_route=\/wp\/v2\/product"}],"about":[{"href":"https:\/\/www.deporteseli.com\/index.php?rest_route=\/wp\/v2\/types\/product"}],"wp:featuredmedia":[{"embeddable":true,"href":"https:\/\/www.deporteseli.com\/index.php?rest_route=\/wp\/v2\/media\/54644"}],"wp:attachment":[{"href":"https:\/\/www.deporteseli.com\/index.php?rest_route=%2Fwp%2Fv2%2Fmedia&parent=40788"}],"wp:term":[{"taxonomy":"product_brand","embeddable":true,"href":"https:\/\/www.deporteseli.com\/index.php?rest_route=%2Fwp%2Fv2%2Fproduct_brand&post=40788"},{"taxonomy":"product_cat","embeddable":true,"href":"https:\/\/www.deporteseli.com\/index.php?rest_route=%2Fwp%2Fv2%2Fproduct_cat&post=40788"},{"taxonomy":"product_tag","embeddable":true,"href":"https:\/\/www.deporteseli.com\/index.php?rest_route=%2Fwp%2Fv2%2Fproduct_tag&post=40788"}],"curies":[{"name":"wp","href":"https:\/\/api.w.org\/{rel}","templated":true}]}}