{"id":40781,"date":"2026-01-27T19:01:04","date_gmt":"2026-01-27T19:01:04","guid":{"rendered":"https:\/\/www.deporteseli.com\/?product=zapatilla-de-futbol-sala-predator-club-indoor"},"modified":"2026-02-25T05:18:12","modified_gmt":"2026-02-25T05:18:12","slug":"zapatilla-de-futbol-sala-predator-club-indoor","status":"publish","type":"product","link":"https:\/\/www.deporteseli.com\/?product=zapatilla-de-futbol-sala-predator-club-indoor","title":{"rendered":"ZAPATILLA DE F\u00faTBOL SALA PREDATOR CLUB INDOOR"},"content":{"rendered":"<p>GANAR ES EL TRATO  La victoria se gesta gol a gol. Esta zapatilla de f\u00fatbol se ha dise\u00f1ado para que siempre llegues a la porter\u00eda rival, y lo m\u00e1s importante: para que nunca falles. Alcanza la perfecci\u00f3n con la nueva adidas Predator. Presenta una parte superior de malla transpirable y ante suave extraordinariamente ligera que le confiere un toque \u00fanico. La suela de goma de gran agarre te permite estar siempre en la posici\u00f3n \u00f3ptima para superar al guardameta en campos de pista cubierta.  Horma cl\u00e1sica  Cierre de cordones  Parte superior de ante y malla  Suela de goma que no deja marcas especialmente dise\u00f1ada para pista cubierta  Color del art\u00edculo: Core Black \/ Cloud White \/ Solar Red  N\u00famero de art\u00edculo: IG5448                                                                                                                                                                                                                                                                                                                                                                                                                                                                                                                                                                                                                                                                                                                                                                                                                                                                                                                                                                                                                                        <\/p>\n","protected":false},"excerpt":{"rendered":"<p>ZAPATILLA DE F\u00faTBOL SALA PREDATOR CLUB INDOOR<\/p>\n","protected":false},"featured_media":54640,"template":"","meta":[],"product_brand":[],"product_cat":[323],"product_tag":[18],"class_list":{"0":"post-40781","1":"product","2":"type-product","3":"status-publish","4":"has-post-thumbnail","6":"product_cat-deportes_futbol_botas_sala","7":"product_tag-adidas","8":"pa_color-unico","9":"pa_talla-41-5","10":"pa_talla-42-5","11":"pa_talla-43-5","12":"pa_talla-44-5","13":"pa_talla-161","14":"pa_talla-46-5","15":"thunk-woo-product-list","16":"opn-qv-enable","17":"open-woo-hover-","18":"open-single-product-tab-horizontal","19":"open-shadow-","20":"open-shadow-hover-","22":"first","23":"instock","24":"sale","25":"shipping-taxable","26":"purchasable","27":"product-type-variable"},"jetpack_sharing_enabled":true,"_links":{"self":[{"href":"https:\/\/www.deporteseli.com\/index.php?rest_route=\/wp\/v2\/product\/40781","targetHints":{"allow":["GET"]}}],"collection":[{"href":"https:\/\/www.deporteseli.com\/index.php?rest_route=\/wp\/v2\/product"}],"about":[{"href":"https:\/\/www.deporteseli.com\/index.php?rest_route=\/wp\/v2\/types\/product"}],"wp:featuredmedia":[{"embeddable":true,"href":"https:\/\/www.deporteseli.com\/index.php?rest_route=\/wp\/v2\/media\/54640"}],"wp:attachment":[{"href":"https:\/\/www.deporteseli.com\/index.php?rest_route=%2Fwp%2Fv2%2Fmedia&parent=40781"}],"wp:term":[{"taxonomy":"product_brand","embeddable":true,"href":"https:\/\/www.deporteseli.com\/index.php?rest_route=%2Fwp%2Fv2%2Fproduct_brand&post=40781"},{"taxonomy":"product_cat","embeddable":true,"href":"https:\/\/www.deporteseli.com\/index.php?rest_route=%2Fwp%2Fv2%2Fproduct_cat&post=40781"},{"taxonomy":"product_tag","embeddable":true,"href":"https:\/\/www.deporteseli.com\/index.php?rest_route=%2Fwp%2Fv2%2Fproduct_tag&post=40781"}],"curies":[{"name":"wp","href":"https:\/\/api.w.org\/{rel}","templated":true}]}}