{"id":40758,"date":"2026-01-27T19:00:35","date_gmt":"2026-01-27T19:00:35","guid":{"rendered":"https:\/\/www.deporteseli.com\/?product=zapatillas-de-hombre-chalt"},"modified":"2026-01-27T19:00:37","modified_gmt":"2026-01-27T19:00:37","slug":"zapatillas-de-hombre-chalt","status":"publish","type":"product","link":"https:\/\/www.deporteseli.com\/?product=zapatillas-de-hombre-chalt","title":{"rendered":"ZAPATILLAS DE HOMBRE CHALT"},"content":{"rendered":"<p>Zapatillas de hombre de color azul marino con detalle en la talonera efecto cuero. Este modelo tiene un estilo muy actual y cuenta con rejilla en el empeine que lo hace m\u00e1s transpirable.    La suela est\u00e1 fabricada con un material ligero que hace que sea un calzado c\u00f3modo y la combinaci\u00f3n de materiales del empeine, adem\u00e1s del logo en la leng\u00fceta, hacen que sea un calzado perfecto para todo tipo de looks.    Plantilla Urban Comfort dise\u00f1ada para adaptarse al ritmo de vida diario, hecha con memory foam y PU que proporcionan una comodidad duradera y absorbe los impactos.                                                                                                                                                                                                                                                                                                                                                                                                                                                                                                                                                                                                                                                                                                                                                                                                                                                                                                                                                                                                                                        <\/p>\n","protected":false},"excerpt":{"rendered":"<p>ZAPATILLAS DE HOMBRE CHALT<\/p>\n","protected":false},"featured_media":54634,"template":"","meta":[],"product_brand":[],"product_cat":[261],"product_tag":[],"class_list":{"0":"post-40758","1":"product","2":"type-product","3":"status-publish","4":"has-post-thumbnail","6":"product_cat-hombre_calzado_casual","7":"pa_color-unico","8":"pa_talla-147","9":"thunk-woo-product-list","10":"opn-qv-enable","11":"open-woo-hover-","12":"open-single-product-tab-horizontal","13":"open-shadow-","14":"open-shadow-hover-","16":"first","17":"instock","18":"sale","19":"shipping-taxable","20":"purchasable","21":"product-type-variable"},"jetpack_sharing_enabled":true,"_links":{"self":[{"href":"https:\/\/www.deporteseli.com\/index.php?rest_route=\/wp\/v2\/product\/40758","targetHints":{"allow":["GET"]}}],"collection":[{"href":"https:\/\/www.deporteseli.com\/index.php?rest_route=\/wp\/v2\/product"}],"about":[{"href":"https:\/\/www.deporteseli.com\/index.php?rest_route=\/wp\/v2\/types\/product"}],"wp:featuredmedia":[{"embeddable":true,"href":"https:\/\/www.deporteseli.com\/index.php?rest_route=\/wp\/v2\/media\/54634"}],"wp:attachment":[{"href":"https:\/\/www.deporteseli.com\/index.php?rest_route=%2Fwp%2Fv2%2Fmedia&parent=40758"}],"wp:term":[{"taxonomy":"product_brand","embeddable":true,"href":"https:\/\/www.deporteseli.com\/index.php?rest_route=%2Fwp%2Fv2%2Fproduct_brand&post=40758"},{"taxonomy":"product_cat","embeddable":true,"href":"https:\/\/www.deporteseli.com\/index.php?rest_route=%2Fwp%2Fv2%2Fproduct_cat&post=40758"},{"taxonomy":"product_tag","embeddable":true,"href":"https:\/\/www.deporteseli.com\/index.php?rest_route=%2Fwp%2Fv2%2Fproduct_tag&post=40758"}],"curies":[{"name":"wp","href":"https:\/\/api.w.org\/{rel}","templated":true}]}}