{"id":40756,"date":"2026-01-27T19:00:33","date_gmt":"2026-01-27T19:00:33","guid":{"rendered":"https:\/\/www.deporteseli.com\/?product=camisa-asics-2041a255"},"modified":"2026-03-07T05:45:53","modified_gmt":"2026-03-07T05:45:53","slug":"camisa-asics-2041a255","status":"publish","type":"product","link":"https:\/\/www.deporteseli.com\/?product=camisa-asics-2041a255","title":{"rendered":"CAMISA ASICS 2041A255"},"content":{"rendered":"<p>Descripci\u00f3n  Dise\u00f1o para el juego diario.    La camiseta de manga corta COURT SHORT SLEEVE TOP gestiona la humedad con su tejido seco y suave para que sea c\u00f3moda.    Esta camiseta tambi\u00e9n tiene un dise\u00f1o sencillo que permite un contraste de colores llamativo. As\u00ed que disfruta del juego con una camiseta imprescindible.    Al menos el 50% del material principal de la prenda est\u00e1 fabricado con materiales reciclados para reducir los residuos y las emisiones de carbono.    Tejido principal:100% Poli\u00e9ster    Tejido principal: 100% Poli\u00e9ster                                                                                                                                                                                                                                                                                                                                                                                                                                                                                                                                                                                                                                                                                                                                                                                                                                                                                                                                                                                                                                        <\/p>\n","protected":false},"excerpt":{"rendered":"<p>CAMISA ASICS 2041A255<\/p>\n","protected":false},"featured_media":54632,"template":"","meta":[],"product_brand":[],"product_cat":[364],"product_tag":[19],"class_list":{"0":"post-40756","1":"product","2":"type-product","3":"status-publish","4":"has-post-thumbnail","6":"product_cat-padel_y_tenis_textil_camisas","7":"product_tag-asics","8":"pa_color-unico","9":"pa_talla-s","10":"thunk-woo-product-list","11":"opn-qv-enable","12":"open-woo-hover-","13":"open-single-product-tab-horizontal","14":"open-shadow-","15":"open-shadow-hover-","17":"first","18":"instock","19":"shipping-taxable","20":"purchasable","21":"product-type-variable"},"jetpack_sharing_enabled":true,"_links":{"self":[{"href":"https:\/\/www.deporteseli.com\/index.php?rest_route=\/wp\/v2\/product\/40756","targetHints":{"allow":["GET"]}}],"collection":[{"href":"https:\/\/www.deporteseli.com\/index.php?rest_route=\/wp\/v2\/product"}],"about":[{"href":"https:\/\/www.deporteseli.com\/index.php?rest_route=\/wp\/v2\/types\/product"}],"wp:featuredmedia":[{"embeddable":true,"href":"https:\/\/www.deporteseli.com\/index.php?rest_route=\/wp\/v2\/media\/54632"}],"wp:attachment":[{"href":"https:\/\/www.deporteseli.com\/index.php?rest_route=%2Fwp%2Fv2%2Fmedia&parent=40756"}],"wp:term":[{"taxonomy":"product_brand","embeddable":true,"href":"https:\/\/www.deporteseli.com\/index.php?rest_route=%2Fwp%2Fv2%2Fproduct_brand&post=40756"},{"taxonomy":"product_cat","embeddable":true,"href":"https:\/\/www.deporteseli.com\/index.php?rest_route=%2Fwp%2Fv2%2Fproduct_cat&post=40756"},{"taxonomy":"product_tag","embeddable":true,"href":"https:\/\/www.deporteseli.com\/index.php?rest_route=%2Fwp%2Fv2%2Fproduct_tag&post=40756"}],"curies":[{"name":"wp","href":"https:\/\/api.w.org\/{rel}","templated":true}]}}