{"id":40743,"date":"2026-01-27T19:00:13","date_gmt":"2026-01-27T19:00:13","guid":{"rendered":"https:\/\/www.deporteseli.com\/?product=zapatilla-tensaur-hook-and-loop-4"},"modified":"2026-03-04T05:17:58","modified_gmt":"2026-03-04T05:17:58","slug":"zapatilla-tensaur-hook-and-loop-4","status":"publish","type":"product","link":"https:\/\/www.deporteseli.com\/?product=zapatilla-tensaur-hook-and-loop-4","title":{"rendered":"ZAPATILLA TENSAUR HOOK AND LOOP"},"content":{"rendered":"<p>A PRUEBA DE PIES ACTIVOS  Con sus carreras, saltos y juegos, las zapatillas de los m\u00e1s peques tienen que estar preparadas para superar un mont\u00f3n de pruebas. Esta zapatilla adidas presenta una resistente suela de goma que ofrece un excelente agarre y no deja huellas por mucho que gatee y se mueva con ella. Cuenta con dos correas autoadherentes para poner y quitar con facilidad.    La parte superior contiene al menos un 50% de materiales reciclados. Su objetivo es plantear otra soluci\u00f3n m\u00e1s que ayude a eliminar los residuos pl\u00e1sticos.  Horma cl\u00e1sica  Cierre autoadherente  Parte superior de piel sint\u00e9tica  Forro textil  Suela de goma que no deja marcas  La parte superior contiene al menos un 50% de material reciclado  Color del art\u00edculo: Dark Blue \/ Cloud White \/ Blue Burst  N\u00famero de art\u00edculo: IE0922                                                                                                                                                                                                                                                                                                                                                                                                                                                                                                                                                                                                                                                                                                                                                                                                                                                                                                                                                                                                                                        <\/p>\n","protected":false},"excerpt":{"rendered":"<p>ZAPATILLA TENSAUR HOOK AND LOOP<\/p>\n","protected":false},"featured_media":54627,"template":"","meta":[],"product_brand":[],"product_cat":[310],"product_tag":[18],"class_list":{"0":"post-40743","1":"product","2":"type-product","3":"status-publish","4":"has-post-thumbnail","6":"product_cat-nino_calzado_casual","7":"product_tag-adidas","8":"pa_color-unico","9":"pa_talla-125","10":"pa_talla-127","11":"pa_talla-129","12":"pa_talla-131","13":"pa_talla-133","14":"pa_talla-137","15":"pa_talla-139","16":"pa_talla-35-5","17":"pa_talla-37-5","18":"pa_talla-145","19":"pa_talla-38-5","20":"pa_talla-39-5","21":"thunk-woo-product-list","22":"opn-qv-enable","23":"open-woo-hover-","24":"open-single-product-tab-horizontal","25":"open-shadow-","26":"open-shadow-hover-","28":"first","29":"instock","30":"sale","31":"shipping-taxable","32":"purchasable","33":"product-type-variable"},"jetpack_sharing_enabled":true,"_links":{"self":[{"href":"https:\/\/www.deporteseli.com\/index.php?rest_route=\/wp\/v2\/product\/40743","targetHints":{"allow":["GET"]}}],"collection":[{"href":"https:\/\/www.deporteseli.com\/index.php?rest_route=\/wp\/v2\/product"}],"about":[{"href":"https:\/\/www.deporteseli.com\/index.php?rest_route=\/wp\/v2\/types\/product"}],"wp:featuredmedia":[{"embeddable":true,"href":"https:\/\/www.deporteseli.com\/index.php?rest_route=\/wp\/v2\/media\/54627"}],"wp:attachment":[{"href":"https:\/\/www.deporteseli.com\/index.php?rest_route=%2Fwp%2Fv2%2Fmedia&parent=40743"}],"wp:term":[{"taxonomy":"product_brand","embeddable":true,"href":"https:\/\/www.deporteseli.com\/index.php?rest_route=%2Fwp%2Fv2%2Fproduct_brand&post=40743"},{"taxonomy":"product_cat","embeddable":true,"href":"https:\/\/www.deporteseli.com\/index.php?rest_route=%2Fwp%2Fv2%2Fproduct_cat&post=40743"},{"taxonomy":"product_tag","embeddable":true,"href":"https:\/\/www.deporteseli.com\/index.php?rest_route=%2Fwp%2Fv2%2Fproduct_tag&post=40743"}],"curies":[{"name":"wp","href":"https:\/\/api.w.org\/{rel}","templated":true}]}}