{"id":40734,"date":"2026-01-27T19:00:01","date_gmt":"2026-01-27T19:00:01","guid":{"rendered":"https:\/\/www.deporteseli.com\/?product=gorra-essential-aeroready-3"},"modified":"2026-01-27T19:00:06","modified_gmt":"2026-01-27T19:00:06","slug":"gorra-essential-aeroready-3","status":"publish","type":"product","link":"https:\/\/www.deporteseli.com\/?product=gorra-essential-aeroready-3","title":{"rendered":"GORRA ESSENTIAL AEROREADY"},"content":{"rendered":"<p>PROTECCI\u00d3N Y ESTILO  Prot\u00e9gete del sol en tus entrenamientos al aire libre gracias a esta gorra de training. Cuenta con una visera curvada y una cinta interior con tecnolog\u00eda transpirable AEROREADY que mantiene la piel seca en todo momento.    Este producto se ha fabricado con diferentes materiales t\u00e9cnicos y contiene al menos un 40% de material reciclado. Su objetivo es plantear otra soluci\u00f3n m\u00e1s que ayude a eliminar los residuos pl\u00e1sticos.  Tejido principal: ripstop 100% poli\u00e9ster reciclado  Cinta interior para el sudor: punto doble 100% poli\u00e9ster reciclado  AEROREADY  Visera suave  Cierre ajustable en la nuca  Color del art\u00edculo: Grey Six \/ Spark  N\u00famero de art\u00edculo: IP2781                                                                                                                                                                                                                                                                                                                                                                                                                                                                                                                                                                                                                                                                                                                                                                                                                                                                                                                                                                                                                                        <\/p>\n","protected":false},"excerpt":{"rendered":"<p>GORRA ESSENTIAL AEROREADY<\/p>\n","protected":false},"featured_media":54621,"template":"","meta":[],"product_brand":[],"product_cat":[399],"product_tag":[18],"class_list":{"0":"post-40734","1":"product","2":"type-product","3":"status-publish","4":"has-post-thumbnail","6":"product_cat-accesorios_gorras","7":"product_tag-adidas","8":"pa_color-unico","9":"pa_talla-l","10":"pa_talla-m","11":"pa_talla-s","12":"pa_talla-xl","13":"thunk-woo-product-list","14":"opn-qv-enable","15":"open-woo-hover-","16":"open-single-product-tab-horizontal","17":"open-shadow-","18":"open-shadow-hover-","20":"first","21":"instock","22":"shipping-taxable","23":"purchasable","24":"product-type-variable"},"jetpack_sharing_enabled":true,"_links":{"self":[{"href":"https:\/\/www.deporteseli.com\/index.php?rest_route=\/wp\/v2\/product\/40734","targetHints":{"allow":["GET"]}}],"collection":[{"href":"https:\/\/www.deporteseli.com\/index.php?rest_route=\/wp\/v2\/product"}],"about":[{"href":"https:\/\/www.deporteseli.com\/index.php?rest_route=\/wp\/v2\/types\/product"}],"wp:featuredmedia":[{"embeddable":true,"href":"https:\/\/www.deporteseli.com\/index.php?rest_route=\/wp\/v2\/media\/54621"}],"wp:attachment":[{"href":"https:\/\/www.deporteseli.com\/index.php?rest_route=%2Fwp%2Fv2%2Fmedia&parent=40734"}],"wp:term":[{"taxonomy":"product_brand","embeddable":true,"href":"https:\/\/www.deporteseli.com\/index.php?rest_route=%2Fwp%2Fv2%2Fproduct_brand&post=40734"},{"taxonomy":"product_cat","embeddable":true,"href":"https:\/\/www.deporteseli.com\/index.php?rest_route=%2Fwp%2Fv2%2Fproduct_cat&post=40734"},{"taxonomy":"product_tag","embeddable":true,"href":"https:\/\/www.deporteseli.com\/index.php?rest_route=%2Fwp%2Fv2%2Fproduct_tag&post=40734"}],"curies":[{"name":"wp","href":"https:\/\/api.w.org\/{rel}","templated":true}]}}