{"id":40726,"date":"2026-01-27T18:59:52","date_gmt":"2026-01-27T18:59:52","guid":{"rendered":"https:\/\/www.deporteseli.com\/?product=zapatillas-head-sprint-team-3-5-clay"},"modified":"2026-01-27T18:59:56","modified_gmt":"2026-01-27T18:59:56","slug":"zapatillas-head-sprint-team-3-5-clay","status":"publish","type":"product","link":"https:\/\/www.deporteseli.com\/?product=zapatillas-head-sprint-team-3-5-clay","title":{"rendered":"ZAPATILLAS HEAD SPRINT TEAM 3.5 CLAY"},"content":{"rendered":"<p>Descubre las Zapatillas Head Sprint Team 3.5 Clay dark grey banana 2024, que combinan transpirabilidad y ligereza para un rendimiento excepcional en la pista de p\u00e1del. Con un dise\u00f1o elegante en gris y amarillo, estas zapatillas son la elecci\u00f3n perfecta para los jugadores modernos.    Renovadas con un tejido de malla en la parte superior, las Sprint Team 3.5 no solo son m\u00e1s transpirables que sus predecesoras, sino que tambi\u00e9n brindan una comodidad inigualable. Son tan ligeras y confortables que te sentir\u00e1s tentado a usarlas tanto dentro como fuera de la pista.    Caracter\u00edsticas Zapatillas Head Sprint Team 3.5 Clay dark grey banana 2024  Tejido de malla en la parte superior para una transpirabilidad y comodidad excepcionales.  Estabilizador en la zona media para evitar torceduras y garantizar una estabilidad \u00f3ptima.  Suela tipo clay especializada para un agarre perfecto en superficies de arena.  Compuesto hybrasion de caucho que ofrece una resistencia y tracci\u00f3n superiores.  Pertenecen a la colecci\u00f3n de calzado para p\u00e1del Head 2024.  \u00bfA qui\u00e9n va dirigido?    Estas zapatillas est\u00e1n dise\u00f1adas para jugadores que valoran la comodidad y la amortiguaci\u00f3n en la pista, proporcionando un apoyo excepcional en cada movimiento y minimizando el riesgo de lesiones.    \u00bfPor qu\u00e9 te va a gustar?    Te encantar\u00e1n las Head Sprint Team 3.5 Clay por su combinaci\u00f3n \u00fanica de dise\u00f1o y funcionalidad. El color gris oscuro con toques amarillos no solo te har\u00e1 destacar en la pista, sino que tambi\u00e9n te brindar\u00e1 el confort y la estabilidad necesarios para mejorar tu juego.    Descubre m\u00e1s sobre la marca Head    Head, una marca l\u00edder en el mundo del deporte, es sin\u00f3nimo de innovaci\u00f3n y calidad. Con un historial de desarrollo de productos de alto rendimiento, Head sigue siendo la elecci\u00f3n preferida de los jugadores profesionales y aficionados por igual, gracias a su combinaci\u00f3n de tecnolog\u00eda avanzada y dise\u00f1o innovador.    Tanto es as\u00ed que cuenta con una gran representaci\u00f3n en el WPT. Arturo Coelho o Ari Sanchez son algunos de sus m\u00e1ximos representantes. No esperes m\u00e1s y disfruta de las mejores sensaciones sobre la pista con los productos de Head para p\u00e1del.                                                                                                                                                                                                                                                                                                                                                                                                                                                                                                                                                                                                                                                                                                                                                                                                                                                                                                                                                                                                                                        <\/p>\n","protected":false},"excerpt":{"rendered":"<p>ZAPATILLAS HEAD SPRINT TEAM 3.5 CLAY<\/p>\n","protected":false},"featured_media":54617,"template":"","meta":[],"product_brand":[],"product_cat":[371],"product_tag":[22],"class_list":{"0":"post-40726","1":"product","2":"type-product","3":"status-publish","4":"has-post-thumbnail","6":"product_cat-padel_y_tenis_calzado","7":"product_tag-head","8":"pa_color-unico","9":"pa_talla-153","10":"pa_talla-155","11":"pa_talla-157","12":"thunk-woo-product-list","13":"opn-qv-enable","14":"open-woo-hover-","15":"open-single-product-tab-horizontal","16":"open-shadow-","17":"open-shadow-hover-","19":"first","20":"instock","21":"sale","22":"shipping-taxable","23":"purchasable","24":"product-type-variable"},"jetpack_sharing_enabled":true,"_links":{"self":[{"href":"https:\/\/www.deporteseli.com\/index.php?rest_route=\/wp\/v2\/product\/40726","targetHints":{"allow":["GET"]}}],"collection":[{"href":"https:\/\/www.deporteseli.com\/index.php?rest_route=\/wp\/v2\/product"}],"about":[{"href":"https:\/\/www.deporteseli.com\/index.php?rest_route=\/wp\/v2\/types\/product"}],"wp:featuredmedia":[{"embeddable":true,"href":"https:\/\/www.deporteseli.com\/index.php?rest_route=\/wp\/v2\/media\/54617"}],"wp:attachment":[{"href":"https:\/\/www.deporteseli.com\/index.php?rest_route=%2Fwp%2Fv2%2Fmedia&parent=40726"}],"wp:term":[{"taxonomy":"product_brand","embeddable":true,"href":"https:\/\/www.deporteseli.com\/index.php?rest_route=%2Fwp%2Fv2%2Fproduct_brand&post=40726"},{"taxonomy":"product_cat","embeddable":true,"href":"https:\/\/www.deporteseli.com\/index.php?rest_route=%2Fwp%2Fv2%2Fproduct_cat&post=40726"},{"taxonomy":"product_tag","embeddable":true,"href":"https:\/\/www.deporteseli.com\/index.php?rest_route=%2Fwp%2Fv2%2Fproduct_tag&post=40726"}],"curies":[{"name":"wp","href":"https:\/\/api.w.org\/{rel}","templated":true}]}}