{"id":40722,"date":"2026-01-27T18:59:47","date_gmt":"2026-01-27T18:59:47","guid":{"rendered":"https:\/\/www.deporteseli.com\/?product=conjunto-deportivo-mujer-2"},"modified":"2026-03-07T05:45:48","modified_gmt":"2026-03-07T05:45:48","slug":"conjunto-deportivo-mujer-2","status":"publish","type":"product","link":"https:\/\/www.deporteseli.com\/?product=conjunto-deportivo-mujer-2","title":{"rendered":"CONJUNTO DEPORTIVO MUJER"},"content":{"rendered":"<p>Conjunto deportivo para mujer, modelo CROSS compuesto por camiseta sin mangas y pantal\u00f3n corto.    CARACTER\u00cdSTICAS CAMISETA    Camiseta deportiva para mujer en color rosa, fabricada en tejido resistente y ligero. La camiseta est\u00e1 confeccionada con poli\u00e9ster para garantizar su r\u00e1pido secado, y con elastano, que favorece la elasticidad y flexibilidad, por lo que son perfectas para la pr\u00e1ctica de todo tipo de deportes. Esta camiseta t\u00e9cnica est\u00e1 fabricada con la tecnolog\u00eda SINCRONIC, que evita arrugas y deformaci\u00f3n en los tejidos.    Otras caracter\u00edsticas:    &#8211; Cinta cubre costuras en el cuello para un contacto m\u00e1s suave con la piel.    &#8211; Etiqueta de talla impresa en camiseta para evitar roces.    CARACTER\u00cdSTICAS PANTAL\u00d3N    Pantal\u00f3n corto de deporte para mujer en color negro con detalles en rosa, fabricado en tejido resistente y ligero. El pantal\u00f3n est\u00e1 confeccionado con poli\u00e9ster para garantizar su r\u00e1pido secado, y con elastano que favorece la elasticidad y flexibilidad, por lo que con este pantal\u00f3n de deporte tendr\u00e1s libertad de movimiento. El pantal\u00f3n, tiene un buen ajuste gracias al cord\u00f3n interno en cintura, dos bolsillos laterales, y est\u00e1 confeccionado con la tecnolog\u00eda SINCRONIC, que evita arrugas y deformaci\u00f3n en los tejidos. Este pantal\u00f3n tiene una malla corta incorporado que proporciona mayor sujeci\u00f3n.    Fabricaci\u00f3n: 100% Poli\u00e9ster con elastano    Tecnolog\u00edas de los conjuntos deportivos J\u2019hayber:    &#8211; ADAPTEX: Facilita la adaptabilidad y la flexibilidad. Tejido ligero, anti-adherente y de secado r\u00e1pido.    &#8211; FLEXYDRY: Prenda con elastano, que favorece la elasticidad y flexibilidad, y poli\u00e9ster, que garantiza su r\u00e1pido secado.    &#8211; SINCRONIC: Tecnolog\u00eda que evita arrugas y deformaci\u00f3n de los tejidos. Prenda ligera con acabado perchado en su interior, que favorece el volumen y densidad.    &#8211; WINDPROTEX: Tecnolog\u00eda que protege del viento y de la lluvia suave    No se venden las prendas por separado.                                                                                                                                                                                                                                                                                                                                                                                                                                                                                                                                                                                                                                                                                                                                                                                                                                                                                                                                                                                                                                        <\/p>\n","protected":false},"excerpt":{"rendered":"<p>CONJUNTO DEPORTIVO MUJER<\/p>\n","protected":false},"featured_media":54611,"template":"","meta":[],"product_brand":[],"product_cat":[367],"product_tag":[],"class_list":{"0":"post-40722","1":"product","2":"type-product","3":"status-publish","4":"has-post-thumbnail","6":"product_cat-padel_y_tenis_textil_conjuntos","7":"pa_color-unico","8":"pa_talla-l","9":"thunk-woo-product-list","10":"opn-qv-enable","11":"open-woo-hover-","12":"open-single-product-tab-horizontal","13":"open-shadow-","14":"open-shadow-hover-","16":"first","17":"instock","18":"shipping-taxable","19":"purchasable","20":"product-type-variable"},"jetpack_sharing_enabled":true,"_links":{"self":[{"href":"https:\/\/www.deporteseli.com\/index.php?rest_route=\/wp\/v2\/product\/40722","targetHints":{"allow":["GET"]}}],"collection":[{"href":"https:\/\/www.deporteseli.com\/index.php?rest_route=\/wp\/v2\/product"}],"about":[{"href":"https:\/\/www.deporteseli.com\/index.php?rest_route=\/wp\/v2\/types\/product"}],"wp:featuredmedia":[{"embeddable":true,"href":"https:\/\/www.deporteseli.com\/index.php?rest_route=\/wp\/v2\/media\/54611"}],"wp:attachment":[{"href":"https:\/\/www.deporteseli.com\/index.php?rest_route=%2Fwp%2Fv2%2Fmedia&parent=40722"}],"wp:term":[{"taxonomy":"product_brand","embeddable":true,"href":"https:\/\/www.deporteseli.com\/index.php?rest_route=%2Fwp%2Fv2%2Fproduct_brand&post=40722"},{"taxonomy":"product_cat","embeddable":true,"href":"https:\/\/www.deporteseli.com\/index.php?rest_route=%2Fwp%2Fv2%2Fproduct_cat&post=40722"},{"taxonomy":"product_tag","embeddable":true,"href":"https:\/\/www.deporteseli.com\/index.php?rest_route=%2Fwp%2Fv2%2Fproduct_tag&post=40722"}],"curies":[{"name":"wp","href":"https:\/\/api.w.org\/{rel}","templated":true}]}}